{"id":3472,"date":"2025-11-07T14:40:57","date_gmt":"2025-11-07T12:40:57","guid":{"rendered":"https:\/\/rollingunit.us\/?page_id=3472"},"modified":"2025-11-17T10:50:50","modified_gmt":"2025-11-17T08:50:50","slug":"contenedores-especiales","status":"publish","type":"page","link":"https:\/\/rollingunit.us\/es\/contenedores-especiales\/","title":{"rendered":"Contenedores especiales"},"content":{"rendered":"<p><div class=\"fusion-fullwidth fullwidth-box fusion-builder-row-1 fusion-flex-container has-pattern-background has-mask-background fusion-parallax-none nonhundred-percent-fullwidth non-hundred-percent-height-scrolling\" style=\"--awb-background-position:right bottom;--awb-background-position-small:left center;--awb-border-radius-top-left:0px;--awb-border-radius-top-right:0px;--awb-border-radius-bottom-right:0px;--awb-border-radius-bottom-left:0px;--awb-min-height:250px;--awb-min-height-small:100px;--awb-background-image:url(&quot;https:\/\/rollingunit.us\/wp-content\/uploads\/2025\/11\/bg-specialty-containers.png&quot;);--awb-background-size:cover;--awb-flex-wrap:wrap;\" ><div class=\"fusion-builder-row fusion-row fusion-flex-align-items-center fusion-flex-content-wrap\" style=\"max-width:1248px;margin-left: calc(-4% \/ 2 );margin-right: calc(-4% \/ 2 );\"><div class=\"fusion-layout-column fusion_builder_column fusion-builder-column-0 fusion_builder_column_2_5 2_5 fusion-flex-column\" style=\"--awb-padding-top:40px;--awb-padding-bottom:30px;--awb-bg-size:cover;--awb-width-large:40%;--awb-margin-top-large:0px;--awb-spacing-right-large:4.8%;--awb-margin-bottom-large:0px;--awb-spacing-left-large:4.8%;--awb-width-medium:40%;--awb-order-medium:0;--awb-spacing-right-medium:4.8%;--awb-spacing-left-medium:4.8%;--awb-width-small:100%;--awb-order-small:0;--awb-spacing-right-small:1.92%;--awb-spacing-left-small:1.92%;\" data-scroll-devices=\"small-visibility,medium-visibility,large-visibility\"><div class=\"fusion-column-wrapper fusion-column-has-shadow fusion-flex-justify-content-center fusion-content-layout-column\"><div class=\"fusion-title title fusion-title-1 fusion-sep-none fusion-title-text fusion-title-size-one\" style=\"--awb-text-color:var(--awb-custom_color_7);--awb-font-size:60px;\"><h1 class=\"fusion-title-heading title-heading-left fusion-responsive-typography-calculated\" style=\"margin:0;font-size:1em;--fontSize:60;line-height:1;\">Contenedores especiales<\/h1><\/div><\/div><\/div><\/div><\/div><div class=\"fusion-fullwidth fullwidth-box fusion-builder-row-2 fusion-flex-container has-pattern-background has-mask-background nonhundred-percent-fullwidth non-hundred-percent-height-scrolling\" style=\"--awb-border-radius-top-left:0px;--awb-border-radius-top-right:0px;--awb-border-radius-bottom-right:0px;--awb-border-radius-bottom-left:0px;--awb-padding-top:60px;--awb-flex-wrap:wrap;\" ><div class=\"fusion-builder-row fusion-row fusion-flex-align-items-stretch fusion-flex-justify-content-center fusion-flex-content-wrap\" style=\"max-width:1248px;margin-left: calc(-4% \/ 2 );margin-right: calc(-4% \/ 2 );\"><div class=\"fusion-layout-column fusion_builder_column fusion-builder-column-1 fusion_builder_column_1_3 1_3 fusion-flex-column fusion-column-inner-bg-wrapper\" style=\"--awb-inner-bg-size:cover;--awb-border-color:var(--awb-custom_color_7);--awb-border-top:0px;--awb-border-right:0px;--awb-border-bottom:7px;--awb-border-left:0px;--awb-border-style:solid;--awb-width-large:33.333333333333%;--awb-margin-top-large:0px;--awb-spacing-right-large:5.76%;--awb-margin-bottom-large:60px;--awb-spacing-left-large:5.76%;--awb-width-medium:33.333333333333%;--awb-order-medium:0;--awb-spacing-right-medium:5.76%;--awb-spacing-left-medium:5.76%;--awb-width-small:100%;--awb-order-small:0;--awb-spacing-right-small:1.92%;--awb-spacing-left-small:1.92%;\" data-scroll-devices=\"small-visibility,medium-visibility,large-visibility\"><span class=\"fusion-column-inner-bg hover-type-none\"><a class=\"fusion-column-anchor\" href=\"https:\/\/rollingunit.us\/es\/contenedores-especiales\/hospital-de-campana-de-despliegue-rapido-role-2\/\"><span class=\"fusion-column-inner-bg-image\"><\/span><\/a><\/span><div class=\"fusion-column-wrapper fusion-column-has-shadow fusion-flex-justify-content-flex-start fusion-content-layout-column\"><div class=\"fusion-image-element \" style=\"--awb-caption-title-font-family:var(--h2_typography-font-family);--awb-caption-title-font-weight:var(--h2_typography-font-weight);--awb-caption-title-font-style:var(--h2_typography-font-style);--awb-caption-title-size:var(--h2_typography-font-size);--awb-caption-title-transform:var(--h2_typography-text-transform);--awb-caption-title-line-height:var(--h2_typography-line-height);--awb-caption-title-letter-spacing:var(--h2_typography-letter-spacing);\"><span class=\" fusion-imageframe imageframe-none imageframe-1 hover-type-none\"><img decoding=\"async\" width=\"750\" height=\"422\" alt=\"Rapid Deployable Field Hospital ROLE 2\" title=\"specialty-containers-field-hospital-role-2\" src=\"https:\/\/rollingunit.us\/wp-content\/uploads\/2025\/11\/specialty-containers-field-hospital-role-2.jpg\" class=\"img-responsive wp-image-3282\" srcset=\"https:\/\/rollingunit.us\/wp-content\/uploads\/2025\/11\/specialty-containers-field-hospital-role-2-200x113.jpg 200w, https:\/\/rollingunit.us\/wp-content\/uploads\/2025\/11\/specialty-containers-field-hospital-role-2-400x225.jpg 400w, https:\/\/rollingunit.us\/wp-content\/uploads\/2025\/11\/specialty-containers-field-hospital-role-2-600x338.jpg 600w, https:\/\/rollingunit.us\/wp-content\/uploads\/2025\/11\/specialty-containers-field-hospital-role-2.jpg 750w\" sizes=\"(max-width: 640px) 100vw, 400px\" \/><\/span><\/div><div class=\"fusion-title title fusion-title-2 fusion-sep-none fusion-title-text fusion-title-size-four\" style=\"--awb-text-color:var(--awb-color5);--awb-margin-top:15px;--awb-margin-right:20px;--awb-margin-bottom:10px;--awb-margin-left:20px;--awb-margin-right-small:20px;--awb-margin-left-small:20px;--awb-sep-color:var(--awb-color6);--awb-font-size:20px;\"><h4 class=\"fusion-title-heading title-heading-left fusion-responsive-typography-calculated\" style=\"font-family:&quot;Montserrat&quot;;font-style:normal;font-weight:600;margin:0;font-size:1em;--fontSize:20;line-height:var(--awb-typography1-line-height);\">Hospital de campa\u00f1a de despliegue r\u00e1pido ROLE 2<\/h4><\/div><div class=\"fusion-text fusion-text-1\" style=\"--awb-margin-right:20px;--awb-margin-left:20px;\"><p>Hospital de campa\u00f1a m\u00f3vil ROLE 2: una soluci\u00f3n innovadora para brindar apoyo m\u00e9dico r\u00e1pido en situaciones cr\u00edticas. Dise\u00f1ado para la eficiencia y la adaptabilidad.<\/p>\n<\/div><\/div><\/div><div class=\"fusion-layout-column fusion_builder_column fusion-builder-column-2 fusion_builder_column_1_3 1_3 fusion-flex-column fusion-column-inner-bg-wrapper\" style=\"--awb-inner-bg-size:cover;--awb-border-color:var(--awb-custom_color_7);--awb-border-top:0px;--awb-border-right:0px;--awb-border-bottom:7px;--awb-border-left:0px;--awb-border-style:solid;--awb-width-large:33.333333333333%;--awb-margin-top-large:0px;--awb-spacing-right-large:5.76%;--awb-margin-bottom-large:60px;--awb-spacing-left-large:5.76%;--awb-width-medium:33.333333333333%;--awb-order-medium:0;--awb-spacing-right-medium:5.76%;--awb-spacing-left-medium:5.76%;--awb-width-small:100%;--awb-order-small:0;--awb-spacing-right-small:1.92%;--awb-spacing-left-small:1.92%;\" data-scroll-devices=\"small-visibility,medium-visibility,large-visibility\"><span class=\"fusion-column-inner-bg hover-type-none\"><a class=\"fusion-column-anchor\" href=\"https:\/\/rollingunit.us\/es\/contenedores-especiales\/contenedor-de-explosivos\/\"><span class=\"fusion-column-inner-bg-image\"><\/span><\/a><\/span><div class=\"fusion-column-wrapper fusion-column-has-shadow fusion-flex-justify-content-flex-start fusion-content-layout-column\"><div class=\"fusion-image-element \" style=\"--awb-caption-title-font-family:var(--h2_typography-font-family);--awb-caption-title-font-weight:var(--h2_typography-font-weight);--awb-caption-title-font-style:var(--h2_typography-font-style);--awb-caption-title-size:var(--h2_typography-font-size);--awb-caption-title-transform:var(--h2_typography-text-transform);--awb-caption-title-line-height:var(--h2_typography-line-height);--awb-caption-title-letter-spacing:var(--h2_typography-letter-spacing);\"><span class=\" fusion-imageframe imageframe-none imageframe-2 hover-type-none\"><img decoding=\"async\" width=\"750\" height=\"422\" alt=\"Specialty Containers: Explosives Container\" title=\"specialty-containers-explosives-container\" src=\"https:\/\/rollingunit.us\/wp-content\/uploads\/2025\/11\/specialty-containers-explosives-container.jpg\" class=\"img-responsive wp-image-3299\" srcset=\"https:\/\/rollingunit.us\/wp-content\/uploads\/2025\/11\/specialty-containers-explosives-container-200x113.jpg 200w, https:\/\/rollingunit.us\/wp-content\/uploads\/2025\/11\/specialty-containers-explosives-container-400x225.jpg 400w, https:\/\/rollingunit.us\/wp-content\/uploads\/2025\/11\/specialty-containers-explosives-container-600x338.jpg 600w, https:\/\/rollingunit.us\/wp-content\/uploads\/2025\/11\/specialty-containers-explosives-container.jpg 750w\" sizes=\"(max-width: 640px) 100vw, 400px\" \/><\/span><\/div><div class=\"fusion-title title fusion-title-3 fusion-sep-none fusion-title-text fusion-title-size-four\" style=\"--awb-text-color:var(--awb-color5);--awb-margin-top:15px;--awb-margin-right:20px;--awb-margin-bottom:10px;--awb-margin-left:20px;--awb-margin-right-small:20px;--awb-margin-left-small:20px;--awb-sep-color:var(--awb-color6);--awb-font-size:20px;\"><h4 class=\"fusion-title-heading title-heading-left fusion-responsive-typography-calculated\" style=\"font-family:&quot;Montserrat&quot;;font-style:normal;font-weight:600;margin:0;font-size:1em;--fontSize:20;line-height:var(--awb-typography1-line-height);\">Contenedor de explosivos<\/h4><\/div><div class=\"fusion-text fusion-text-2\" style=\"--awb-margin-right:20px;--awb-margin-left:20px;\"><p>Contenedor de 20 pies con sistema hooklift para el almacenamiento y transporte de productos explosivos. El contenedor est\u00e1 equipado con una unidad de aire acondicionado ATEX y dispositivos de calefacci\u00f3n que mantienen un rango de temperatura seguro.<\/p>\n<\/div><\/div><\/div><div class=\"fusion-layout-column fusion_builder_column fusion-builder-column-3 fusion_builder_column_1_3 1_3 fusion-flex-column fusion-column-inner-bg-wrapper\" style=\"--awb-inner-bg-size:cover;--awb-border-color:var(--awb-custom_color_7);--awb-border-top:0px;--awb-border-right:0px;--awb-border-bottom:7px;--awb-border-left:0px;--awb-border-style:solid;--awb-width-large:33.333333333333%;--awb-margin-top-large:0px;--awb-spacing-right-large:5.76%;--awb-margin-bottom-large:60px;--awb-spacing-left-large:5.76%;--awb-width-medium:33.333333333333%;--awb-order-medium:0;--awb-spacing-right-medium:5.76%;--awb-spacing-left-medium:5.76%;--awb-width-small:100%;--awb-order-small:0;--awb-spacing-right-small:1.92%;--awb-spacing-left-small:1.92%;\" data-scroll-devices=\"small-visibility,medium-visibility,large-visibility\"><span class=\"fusion-column-inner-bg hover-type-none\"><a class=\"fusion-column-anchor\" href=\"https:\/\/rollingunit.us\/es\/contenedores-especiales\/contenedor-de-reparacion-y-taller\/\"><span class=\"fusion-column-inner-bg-image\"><\/span><\/a><\/span><div class=\"fusion-column-wrapper fusion-column-has-shadow fusion-flex-justify-content-flex-start fusion-content-layout-column\"><div class=\"fusion-image-element \" style=\"--awb-caption-title-font-family:var(--h2_typography-font-family);--awb-caption-title-font-weight:var(--h2_typography-font-weight);--awb-caption-title-font-style:var(--h2_typography-font-style);--awb-caption-title-size:var(--h2_typography-font-size);--awb-caption-title-transform:var(--h2_typography-text-transform);--awb-caption-title-line-height:var(--h2_typography-line-height);--awb-caption-title-letter-spacing:var(--h2_typography-letter-spacing);\"><span class=\" fusion-imageframe imageframe-none imageframe-3 hover-type-none\"><img decoding=\"async\" width=\"750\" height=\"422\" alt=\"Specialty Containers: Repair and Workshop Container\" title=\"specialty-containers-repair-and-workshop-container\" src=\"https:\/\/rollingunit.us\/wp-content\/uploads\/2025\/11\/specialty-containers-repair-and-workshop-container.jpg\" class=\"img-responsive wp-image-3316\" srcset=\"https:\/\/rollingunit.us\/wp-content\/uploads\/2025\/11\/specialty-containers-repair-and-workshop-container-200x113.jpg 200w, https:\/\/rollingunit.us\/wp-content\/uploads\/2025\/11\/specialty-containers-repair-and-workshop-container-400x225.jpg 400w, https:\/\/rollingunit.us\/wp-content\/uploads\/2025\/11\/specialty-containers-repair-and-workshop-container-600x338.jpg 600w, https:\/\/rollingunit.us\/wp-content\/uploads\/2025\/11\/specialty-containers-repair-and-workshop-container.jpg 750w\" sizes=\"(max-width: 640px) 100vw, 400px\" \/><\/span><\/div><div class=\"fusion-title title fusion-title-4 fusion-sep-none fusion-title-text fusion-title-size-four\" style=\"--awb-text-color:var(--awb-color5);--awb-margin-top:15px;--awb-margin-right:20px;--awb-margin-bottom:10px;--awb-margin-left:20px;--awb-margin-right-small:20px;--awb-margin-left-small:20px;--awb-sep-color:var(--awb-color6);--awb-font-size:20px;\"><h4 class=\"fusion-title-heading title-heading-left fusion-responsive-typography-calculated\" style=\"font-family:&quot;Montserrat&quot;;font-style:normal;font-weight:600;margin:0;font-size:1em;--fontSize:20;line-height:var(--awb-typography1-line-height);\">Contenedor de reparaci\u00f3n y taller<\/h4><\/div><div class=\"fusion-text fusion-text-3\" style=\"--awb-margin-right:20px;--awb-margin-left:20px;\"><p>El Contenedor de reparaci\u00f3n y taller es una unidad totalmente equipada y de f\u00e1cil despliegue, dise\u00f1ada para apoyar una amplia gama de operaciones de mantenimiento t\u00e9cnico.<\/p>\n<\/div><\/div><\/div><div class=\"fusion-layout-column fusion_builder_column fusion-builder-column-4 fusion_builder_column_1_3 1_3 fusion-flex-column fusion-column-inner-bg-wrapper\" style=\"--awb-inner-bg-size:cover;--awb-border-color:var(--awb-custom_color_7);--awb-border-top:0px;--awb-border-right:0px;--awb-border-bottom:7px;--awb-border-left:0px;--awb-border-style:solid;--awb-width-large:33.333333333333%;--awb-margin-top-large:0px;--awb-spacing-right-large:5.76%;--awb-margin-bottom-large:60px;--awb-spacing-left-large:5.76%;--awb-width-medium:33.333333333333%;--awb-order-medium:0;--awb-spacing-right-medium:5.76%;--awb-spacing-left-medium:5.76%;--awb-width-small:100%;--awb-order-small:0;--awb-spacing-right-small:1.92%;--awb-spacing-left-small:1.92%;\" data-scroll-devices=\"small-visibility,medium-visibility,large-visibility\"><span class=\"fusion-column-inner-bg hover-type-none\"><a class=\"fusion-column-anchor\" href=\"https:\/\/rollingunit.us\/es\/contenedores-especiales\/centro-de-mando\/\"><span class=\"fusion-column-inner-bg-image\"><\/span><\/a><\/span><div class=\"fusion-column-wrapper fusion-column-has-shadow fusion-flex-justify-content-flex-start fusion-content-layout-column\"><div class=\"fusion-image-element \" style=\"--awb-caption-title-font-family:var(--h2_typography-font-family);--awb-caption-title-font-weight:var(--h2_typography-font-weight);--awb-caption-title-font-style:var(--h2_typography-font-style);--awb-caption-title-size:var(--h2_typography-font-size);--awb-caption-title-transform:var(--h2_typography-text-transform);--awb-caption-title-line-height:var(--h2_typography-line-height);--awb-caption-title-letter-spacing:var(--h2_typography-letter-spacing);\"><span class=\" fusion-imageframe imageframe-none imageframe-4 hover-type-none\"><img decoding=\"async\" width=\"750\" height=\"422\" alt=\"Specialty Containers: Command Center\" title=\"specialty-containers-command-center\" src=\"https:\/\/rollingunit.us\/wp-content\/uploads\/2025\/11\/specialty-containers-command-center.jpg\" class=\"img-responsive wp-image-3336\" srcset=\"https:\/\/rollingunit.us\/wp-content\/uploads\/2025\/11\/specialty-containers-command-center-200x113.jpg 200w, https:\/\/rollingunit.us\/wp-content\/uploads\/2025\/11\/specialty-containers-command-center-400x225.jpg 400w, https:\/\/rollingunit.us\/wp-content\/uploads\/2025\/11\/specialty-containers-command-center-600x338.jpg 600w, https:\/\/rollingunit.us\/wp-content\/uploads\/2025\/11\/specialty-containers-command-center.jpg 750w\" sizes=\"(max-width: 640px) 100vw, 400px\" \/><\/span><\/div><div class=\"fusion-title title fusion-title-5 fusion-sep-none fusion-title-text fusion-title-size-four\" style=\"--awb-text-color:var(--awb-color5);--awb-margin-top:15px;--awb-margin-right:20px;--awb-margin-bottom:10px;--awb-margin-left:20px;--awb-margin-right-small:20px;--awb-margin-left-small:20px;--awb-sep-color:var(--awb-color6);--awb-font-size:20px;\"><h4 class=\"fusion-title-heading title-heading-left fusion-responsive-typography-calculated\" style=\"font-family:&quot;Montserrat&quot;;font-style:normal;font-weight:600;margin:0;font-size:1em;--fontSize:20;line-height:var(--awb-typography1-line-height);\">Centro de mando<\/h4><\/div><div class=\"fusion-text fusion-text-4\" style=\"--awb-margin-right:20px;--awb-margin-left:20px;\"><p>El Centro de mando proporciona los medios para trabajar en situaciones de crisis las 24 horas del d\u00eda. Cuenta con hasta 16 puestos de trabajo, cada uno equipado con la tecnolog\u00eda y las herramientas necesarias seg\u00fan las funciones y necesidades del personal.<\/p>\n<\/div><\/div><\/div><div class=\"fusion-layout-column fusion_builder_column fusion-builder-column-5 fusion_builder_column_1_3 1_3 fusion-flex-column fusion-column-inner-bg-wrapper\" style=\"--awb-inner-bg-size:cover;--awb-border-color:var(--awb-custom_color_7);--awb-border-top:0px;--awb-border-right:0px;--awb-border-bottom:7px;--awb-border-left:0px;--awb-border-style:solid;--awb-width-large:33.333333333333%;--awb-margin-top-large:0px;--awb-spacing-right-large:5.76%;--awb-margin-bottom-large:60px;--awb-spacing-left-large:5.76%;--awb-width-medium:33.333333333333%;--awb-order-medium:0;--awb-spacing-right-medium:5.76%;--awb-spacing-left-medium:5.76%;--awb-width-small:100%;--awb-order-small:0;--awb-spacing-right-small:1.92%;--awb-spacing-left-small:1.92%;\" data-scroll-devices=\"small-visibility,medium-visibility,large-visibility\"><span class=\"fusion-column-inner-bg hover-type-none\"><a class=\"fusion-column-anchor\" href=\"https:\/\/rollingunit.us\/es\/contenedores-especiales\/contenedor-de-almacenamiento-de-gas\/\"><span class=\"fusion-column-inner-bg-image\"><\/span><\/a><\/span><div class=\"fusion-column-wrapper fusion-column-has-shadow fusion-flex-justify-content-flex-start fusion-content-layout-column\"><div class=\"fusion-image-element \" style=\"--awb-caption-title-font-family:var(--h2_typography-font-family);--awb-caption-title-font-weight:var(--h2_typography-font-weight);--awb-caption-title-font-style:var(--h2_typography-font-style);--awb-caption-title-size:var(--h2_typography-font-size);--awb-caption-title-transform:var(--h2_typography-text-transform);--awb-caption-title-line-height:var(--h2_typography-line-height);--awb-caption-title-letter-spacing:var(--h2_typography-letter-spacing);\"><span class=\" fusion-imageframe imageframe-none imageframe-5 hover-type-none\"><img decoding=\"async\" width=\"750\" height=\"422\" alt=\"Specialty Containers: Gas Storage Container\" title=\"specialty-containers-gas-storage-container\" src=\"https:\/\/rollingunit.us\/wp-content\/uploads\/2025\/11\/specialty-containers-gas-storage-container.jpg\" class=\"img-responsive wp-image-3354\" srcset=\"https:\/\/rollingunit.us\/wp-content\/uploads\/2025\/11\/specialty-containers-gas-storage-container-200x113.jpg 200w, https:\/\/rollingunit.us\/wp-content\/uploads\/2025\/11\/specialty-containers-gas-storage-container-400x225.jpg 400w, https:\/\/rollingunit.us\/wp-content\/uploads\/2025\/11\/specialty-containers-gas-storage-container-600x338.jpg 600w, https:\/\/rollingunit.us\/wp-content\/uploads\/2025\/11\/specialty-containers-gas-storage-container.jpg 750w\" sizes=\"(max-width: 640px) 100vw, 400px\" \/><\/span><\/div><div class=\"fusion-title title fusion-title-6 fusion-sep-none fusion-title-text fusion-title-size-four\" style=\"--awb-text-color:var(--awb-color5);--awb-margin-top:15px;--awb-margin-right:20px;--awb-margin-bottom:10px;--awb-margin-left:20px;--awb-margin-right-small:20px;--awb-margin-left-small:20px;--awb-sep-color:var(--awb-color6);--awb-font-size:20px;\"><h4 class=\"fusion-title-heading title-heading-left fusion-responsive-typography-calculated\" style=\"font-family:&quot;Montserrat&quot;;font-style:normal;font-weight:600;margin:0;font-size:1em;--fontSize:20;line-height:var(--awb-typography1-line-height);\">Contenedor de almacenamiento de gas<\/h4><\/div><div class=\"fusion-text fusion-text-5\" style=\"--awb-margin-right:20px;--awb-margin-left:20px;\"><p>Contenedor de 10 pies dise\u00f1ado para el almacenamiento y transporte seguro de cilindros de gas.<\/p>\n<\/div><\/div><\/div><div class=\"fusion-layout-column fusion_builder_column fusion-builder-column-6 fusion_builder_column_1_3 1_3 fusion-flex-column fusion-column-inner-bg-wrapper\" style=\"--awb-inner-bg-size:cover;--awb-border-color:var(--awb-custom_color_7);--awb-border-top:0px;--awb-border-right:0px;--awb-border-bottom:7px;--awb-border-left:0px;--awb-border-style:solid;--awb-width-large:33.333333333333%;--awb-margin-top-large:0px;--awb-spacing-right-large:5.76%;--awb-margin-bottom-large:60px;--awb-spacing-left-large:5.76%;--awb-width-medium:33.333333333333%;--awb-order-medium:0;--awb-spacing-right-medium:5.76%;--awb-spacing-left-medium:5.76%;--awb-width-small:100%;--awb-order-small:0;--awb-spacing-right-small:1.92%;--awb-spacing-left-small:1.92%;\" data-scroll-devices=\"small-visibility,medium-visibility,large-visibility\"><span class=\"fusion-column-inner-bg hover-type-none\"><a class=\"fusion-column-anchor\" href=\"https:\/\/rollingunit.us\/es\/contenedores-especiales\/contenedor-hazmat\/\"><span class=\"fusion-column-inner-bg-image\"><\/span><\/a><\/span><div class=\"fusion-column-wrapper fusion-column-has-shadow fusion-flex-justify-content-flex-start fusion-content-layout-column\"><div class=\"fusion-image-element \" style=\"--awb-caption-title-font-family:var(--h2_typography-font-family);--awb-caption-title-font-weight:var(--h2_typography-font-weight);--awb-caption-title-font-style:var(--h2_typography-font-style);--awb-caption-title-size:var(--h2_typography-font-size);--awb-caption-title-transform:var(--h2_typography-text-transform);--awb-caption-title-line-height:var(--h2_typography-line-height);--awb-caption-title-letter-spacing:var(--h2_typography-letter-spacing);\"><span class=\" fusion-imageframe imageframe-none imageframe-6 hover-type-none\"><img decoding=\"async\" width=\"750\" height=\"422\" alt=\"Specialty Containers: Hazmat Container\" title=\"specialty-containers-hazmat-container-yellow\" src=\"https:\/\/rollingunit.us\/wp-content\/uploads\/2025\/11\/specialty-containers-hazmat-container-yellow.jpg\" class=\"img-responsive wp-image-3434\" srcset=\"https:\/\/rollingunit.us\/wp-content\/uploads\/2025\/11\/specialty-containers-hazmat-container-yellow-200x113.jpg 200w, https:\/\/rollingunit.us\/wp-content\/uploads\/2025\/11\/specialty-containers-hazmat-container-yellow-400x225.jpg 400w, https:\/\/rollingunit.us\/wp-content\/uploads\/2025\/11\/specialty-containers-hazmat-container-yellow-600x338.jpg 600w, https:\/\/rollingunit.us\/wp-content\/uploads\/2025\/11\/specialty-containers-hazmat-container-yellow.jpg 750w\" sizes=\"(max-width: 640px) 100vw, 400px\" \/><\/span><\/div><div class=\"fusion-title title fusion-title-7 fusion-sep-none fusion-title-text fusion-title-size-four\" style=\"--awb-text-color:var(--awb-color5);--awb-margin-top:15px;--awb-margin-right:20px;--awb-margin-bottom:10px;--awb-margin-left:20px;--awb-margin-right-small:20px;--awb-margin-left-small:20px;--awb-sep-color:var(--awb-color6);--awb-font-size:20px;\"><h4 class=\"fusion-title-heading title-heading-left fusion-responsive-typography-calculated\" style=\"font-family:&quot;Montserrat&quot;;font-style:normal;font-weight:600;margin:0;font-size:1em;--fontSize:20;line-height:var(--awb-typography1-line-height);\">Contenedor Hazmat<\/h4><\/div><div class=\"fusion-text fusion-text-6\" style=\"--awb-margin-right:20px;--awb-margin-left:20px;\"><p>Este contenedor de 10 pies est\u00e1 dise\u00f1ado para el almacenamiento seguro de residuos ambientales y materiales peligrosos. Puede utilizarse para almacenar una amplia variedad de productos, incluidos aceites, \u00e1cidos, bases y m\u00e1s.<\/p>\n<\/div><\/div><\/div><\/div><\/div><\/p>\n","protected":false},"excerpt":{"rendered":"","protected":false},"author":2,"featured_media":0,"parent":0,"menu_order":0,"comment_status":"closed","ping_status":"closed","template":"100-width.php","meta":{"footnotes":""},"class_list":["post-3472","page","type-page","status-publish","hentry"],"_links":{"self":[{"href":"https:\/\/rollingunit.us\/es\/wp-json\/wp\/v2\/pages\/3472","targetHints":{"allow":["GET"]}}],"collection":[{"href":"https:\/\/rollingunit.us\/es\/wp-json\/wp\/v2\/pages"}],"about":[{"href":"https:\/\/rollingunit.us\/es\/wp-json\/wp\/v2\/types\/page"}],"author":[{"embeddable":true,"href":"https:\/\/rollingunit.us\/es\/wp-json\/wp\/v2\/users\/2"}],"replies":[{"embeddable":true,"href":"https:\/\/rollingunit.us\/es\/wp-json\/wp\/v2\/comments?post=3472"}],"version-history":[{"count":8,"href":"https:\/\/rollingunit.us\/es\/wp-json\/wp\/v2\/pages\/3472\/revisions"}],"predecessor-version":[{"id":3516,"href":"https:\/\/rollingunit.us\/es\/wp-json\/wp\/v2\/pages\/3472\/revisions\/3516"}],"wp:attachment":[{"href":"https:\/\/rollingunit.us\/es\/wp-json\/wp\/v2\/media?parent=3472"}],"curies":[{"name":"wp","href":"https:\/\/api.w.org\/{rel}","templated":true}]}}