{"id":2861,"date":"2024-10-04T10:44:16","date_gmt":"2024-10-04T07:44:16","guid":{"rendered":"https:\/\/rollingunit.us\/promocion-y-eventos\/mobile-catering\/"},"modified":"2026-01-22T14:23:59","modified_gmt":"2026-01-22T12:23:59","slug":"catering-movil","status":"publish","type":"page","link":"https:\/\/rollingunit.us\/es\/promocion-y-eventos\/catering-movil\/","title":{"rendered":"Catering M\u00f3vil"},"content":{"rendered":"<p><div class=\"fusion-fullwidth fullwidth-box fusion-builder-row-1 fusion-flex-container has-pattern-background has-mask-background fusion-parallax-none nonhundred-percent-fullwidth non-hundred-percent-height-scrolling\" style=\"--awb-background-position:right bottom;--awb-border-radius-top-left:0px;--awb-border-radius-top-right:0px;--awb-border-radius-bottom-right:0px;--awb-border-radius-bottom-left:0px;--awb-background-image:url(&quot;https:\/\/rollingunit.us\/wp-content\/uploads\/2024\/10\/bg-orange.png&quot;);--awb-background-size:cover;--awb-flex-wrap:wrap;\" ><div class=\"fusion-builder-row fusion-row fusion-flex-align-items-stretch fusion-flex-content-wrap\" style=\"max-width:1248px;margin-left: calc(-4% \/ 2 );margin-right: calc(-4% \/ 2 );\"><div class=\"fusion-layout-column fusion_builder_column fusion-builder-column-0 fusion_builder_column_2_5 2_5 fusion-flex-column\" style=\"--awb-padding-top-small:50px;--awb-bg-size:cover;--awb-width-large:40%;--awb-margin-top-large:0px;--awb-spacing-right-large:4.8%;--awb-margin-bottom-large:0px;--awb-spacing-left-large:4.8%;--awb-width-medium:40%;--awb-order-medium:0;--awb-spacing-right-medium:4.8%;--awb-spacing-left-medium:4.8%;--awb-width-small:100%;--awb-order-small:0;--awb-spacing-right-small:1.92%;--awb-spacing-left-small:1.92%;\" data-scroll-devices=\"small-visibility,medium-visibility,large-visibility\"><div class=\"fusion-column-wrapper fusion-column-has-shadow fusion-flex-justify-content-center fusion-content-layout-column\"><div class=\"fusion-title title fusion-title-1 fusion-no-small-visibility fusion-sep-none fusion-title-text fusion-title-size-one\" style=\"--awb-text-color:var(--awb-color6);--awb-font-size:55px;\"><h1 class=\"fusion-title-heading title-heading-right fusion-responsive-typography-calculated\" style=\"margin:0;font-size:1em;--fontSize:55;line-height:1;\">Catering M\u00f3vil<\/h1><\/div><div class=\"fusion-title title fusion-title-2 fusion-no-medium-visibility fusion-no-large-visibility fusion-sep-none fusion-title-text fusion-title-size-one\" style=\"--awb-text-color:var(--awb-color1);--awb-font-size:55px;\"><h1 class=\"fusion-title-heading title-heading-right fusion-responsive-typography-calculated\" style=\"margin:0;font-size:1em;--fontSize:55;line-height:1;\">Catering M\u00f3vil<\/h1><\/div><div class=\"fusion-text fusion-text-1\"><p style=\"text-align: right;\">La expansi\u00f3n desplegable permite almacenar todo el equipo de cocina fijado en el centro, en un dise\u00f1o de isla de cocina.<\/p>\n<\/div><\/div><\/div><div class=\"fusion-layout-column fusion_builder_column fusion-builder-column-1 fusion_builder_column_3_5 3_5 fusion-flex-column\" style=\"--awb-padding-top:50px;--awb-padding-bottom:50px;--awb-padding-top-small:0px;--awb-bg-position:right bottom;--awb-bg-size:cover;--awb-width-large:60%;--awb-margin-top-large:0px;--awb-spacing-right-large:3.2%;--awb-margin-bottom-large:0px;--awb-spacing-left-large:3.2%;--awb-width-medium:60%;--awb-order-medium:0;--awb-spacing-right-medium:3.2%;--awb-spacing-left-medium:3.2%;--awb-width-small:100%;--awb-order-small:0;--awb-spacing-right-small:1.92%;--awb-spacing-left-small:1.92%;\" data-scroll-devices=\"small-visibility,medium-visibility,large-visibility\"><div class=\"fusion-column-wrapper fusion-column-has-shadow fusion-flex-justify-content-center fusion-content-layout-column\"><div class=\"fusion-image-element \" style=\"text-align:right;--awb-caption-title-font-family:var(--h2_typography-font-family);--awb-caption-title-font-weight:var(--h2_typography-font-weight);--awb-caption-title-font-style:var(--h2_typography-font-style);--awb-caption-title-size:var(--h2_typography-font-size);--awb-caption-title-transform:var(--h2_typography-text-transform);--awb-caption-title-line-height:var(--h2_typography-line-height);--awb-caption-title-letter-spacing:var(--h2_typography-letter-spacing);\"><span class=\" fusion-imageframe imageframe-none imageframe-1 hover-type-none\"><img decoding=\"async\" width=\"1920\" height=\"1080\" title=\"Mobile catering\" src=\"https:\/\/rollingunit.us\/wp-content\/uploads\/2024\/12\/mobile-catering-min.jpg\" alt class=\"img-responsive wp-image-2506\" srcset=\"https:\/\/rollingunit.us\/wp-content\/uploads\/2024\/12\/mobile-catering-min-200x113.jpg 200w, https:\/\/rollingunit.us\/wp-content\/uploads\/2024\/12\/mobile-catering-min-400x225.jpg 400w, https:\/\/rollingunit.us\/wp-content\/uploads\/2024\/12\/mobile-catering-min-600x338.jpg 600w, https:\/\/rollingunit.us\/wp-content\/uploads\/2024\/12\/mobile-catering-min-800x450.jpg 800w, https:\/\/rollingunit.us\/wp-content\/uploads\/2024\/12\/mobile-catering-min-1200x675.jpg 1200w, https:\/\/rollingunit.us\/wp-content\/uploads\/2024\/12\/mobile-catering-min.jpg 1920w\" sizes=\"(max-width: 640px) 100vw, 800px\" \/><\/span><\/div><\/div><\/div><\/div><\/div><div class=\"fusion-fullwidth fullwidth-box fusion-builder-row-2 fusion-flex-container has-pattern-background has-mask-background nonhundred-percent-fullwidth non-hundred-percent-height-scrolling\" style=\"--awb-border-radius-top-left:0px;--awb-border-radius-top-right:0px;--awb-border-radius-bottom-right:0px;--awb-border-radius-bottom-left:0px;--awb-padding-bottom:60px;--awb-flex-wrap:wrap;\" ><div class=\"fusion-builder-row fusion-row fusion-flex-align-items-stretch fusion-flex-justify-content-center fusion-flex-content-wrap\" style=\"max-width:1248px;margin-left: calc(-4% \/ 2 );margin-right: calc(-4% \/ 2 );\"><div class=\"fusion-layout-column fusion_builder_column fusion-builder-column-2 fusion_builder_column_1_2 1_2 fusion-flex-column\" style=\"--awb-padding-top:60px;--awb-bg-size:cover;--awb-width-large:50%;--awb-margin-top-large:0px;--awb-spacing-right-large:3.84%;--awb-margin-bottom-large:0px;--awb-spacing-left-large:3.84%;--awb-width-medium:50%;--awb-order-medium:0;--awb-spacing-right-medium:3.84%;--awb-spacing-left-medium:3.84%;--awb-width-small:100%;--awb-order-small:0;--awb-spacing-right-small:1.92%;--awb-spacing-left-small:1.92%;\" data-scroll-devices=\"small-visibility,medium-visibility,large-visibility\"><div class=\"fusion-column-wrapper fusion-column-has-shadow fusion-flex-justify-content-flex-start fusion-content-layout-column\"><div class=\"fusion-title title fusion-title-3 fusion-sep-none fusion-title-text fusion-title-size-three\" style=\"--awb-text-color:var(--awb-color5);\"><h3 class=\"fusion-title-heading title-heading-left fusion-responsive-typography-calculated\" style=\"margin:0;--fontSize:25;line-height:var(--awb-typography1-line-height);\">Descripci\u00f3n<\/h3><\/div>\n<div class=\"fusion-text fusion-text-2\"><p>La expansi\u00f3n desplegable permite almacenar todo el equipo de cocina fijado en el centro, en un dise\u00f1o de isla de cocina. Esto hace que la expansi\u00f3n sea extremadamente eficiente, ya que los equipos grandes ya est\u00e1n en su lugar y nunca necesitan ser movidos.<\/p>\n<p>La expansi\u00f3n crea un dise\u00f1o de cocina amplio y abierto. La \u00fanica tarea del equipo es colocar las mesas de trabajo, encender los equipos de cocina y comenzar a cocinar. De esta manera, se obtiene una cocina lista en muy poco tiempo, capaz de atender a grandes multitudes con el espacio, la comodidad y el equipamiento que normalmente solo se encuentran en una estructura fija.<\/p>\n<p>Se pueden a\u00f1adir diversos electrodom\u00e9sticos, como refrigeradores, y es posible elegir entre diferentes fuentes de energ\u00eda para cocinar, como gas, electricidad o incluso di\u00e9sel. El sistema de ventilaci\u00f3n incluye una campana extractora que cubre toda la isla de cocina, mientras que el aire acondicionado mantiene el ambiente fresco.<\/p>\n<\/div><div class=\"fusion-title title fusion-title-4 fusion-sep-none fusion-title-text fusion-title-size-three\" style=\"--awb-text-color:var(--awb-color5);\"><h3 class=\"fusion-title-heading title-heading-left fusion-responsive-typography-calculated\" style=\"margin:0;--fontSize:25;line-height:var(--awb-typography1-line-height);\">Descargas<\/h3><\/div>\n<ul style=\"--awb-line-height:25.5px;--awb-icon-width:25.5px;--awb-icon-height:25.5px;--awb-icon-margin:10.5px;--awb-content-margin:36px;--awb-circlecolor:var(--awb-color5);--awb-circle-yes-font-size:13.2px;\" class=\"fusion-checklist fusion-checklist-1 fusion-checklist-default type-icons\"><li class=\"fusion-li-item\" style=\"\"><span class=\"icon-wrapper circle-yes\"><i class=\"fusion-li-icon fa-file-pdf far\" aria-hidden=\"true\"><\/i><\/span><div class=\"fusion-li-item-content\">\n<p><a href=\"https:\/\/rollingunit.us\/wp-content\/uploads\/2024\/12\/Rolling_Unit_ENG_297x180_web_08-2023.pdf\" target=\"_blank\" rel=\"noopener noreferrer\">Cat\u00e1logo de Rolling Unit (formato PDF)<\/a><\/p>\n<\/div><\/li><\/ul>\n<div style=\"text-align:left;\"><a class=\"fusion-button button-flat button-medium button-default fusion-button-default button-1 fusion-button-default-span fusion-button-default-type\" style=\"--button_text_transform:uppercase;--button_margin-top:30px;--button_margin-right:0px;--button_margin-bottom:0px;--button_margin-left:0px;\" target=\"_self\" href=\"mailto:info@rollingunit.us?subject=Consulta%20desde%20el%20sitio%20web\"><span class=\"fusion-button-text awb-button__text awb-button__text--default\">Solicitar planos u otra informaci\u00f3n<\/span><\/a><\/div>\n<\/div><\/div><div class=\"fusion-layout-column fusion_builder_column fusion-builder-column-3 fusion_builder_column_1_2 1_2 fusion-flex-column\" style=\"--awb-padding-top:60px;--awb-bg-size:cover;--awb-width-large:50%;--awb-margin-top-large:0px;--awb-spacing-right-large:3.84%;--awb-margin-bottom-large:0px;--awb-spacing-left-large:3.84%;--awb-width-medium:50%;--awb-order-medium:0;--awb-spacing-right-medium:3.84%;--awb-spacing-left-medium:3.84%;--awb-width-small:100%;--awb-order-small:0;--awb-spacing-right-small:1.92%;--awb-spacing-left-small:1.92%;\" data-scroll-devices=\"small-visibility,medium-visibility,large-visibility\"><div class=\"fusion-column-wrapper fusion-column-has-shadow fusion-flex-justify-content-flex-start fusion-content-layout-column\"><div class=\"fusion-title title fusion-title-5 fusion-sep-none fusion-title-text fusion-title-size-three\" style=\"--awb-text-color:var(--awb-color5);\"><h3 class=\"fusion-title-heading title-heading-left fusion-responsive-typography-calculated\" style=\"margin:0;--fontSize:25;line-height:var(--awb-typography1-line-height);\">Especificaciones<\/h3><\/div>\n\n<div class=\"table-2\">\n<table width=\"100%\">\n<tbody>\n<tr>\n<td align=\"left\" width=\"25%\">Producto:<\/td>\n<td align=\"left\">Cami\u00f3n<br \/>\nest\u00e1ndar (XL)<\/td>\n<td align=\"left\">Remolque<br \/>\nest\u00e1ndar (L)<\/td>\n<\/tr>\n<tr>\n<td align=\"left\">Peso bruto:<\/td>\n<td align=\"left\">23,000 lbs<\/td>\n<td align=\"left\">9,999 lbs<\/td>\n<\/tr>\n<tr>\n<td align=\"left\">Longitud total:<\/td>\n<td align=\"left\">28 pies 7 pulgadas<\/td>\n<td align=\"left\">24 pies 4 pulgadas<\/td>\n<\/tr>\n<tr>\n<td align=\"left\">Longitud del refugio:<\/td>\n<td align=\"left\">20 pies 4 pulgadas<\/td>\n<td align=\"left\">18 pies 9 pulgadas<\/td>\n<\/tr>\n<tr>\n<td align=\"left\">Altura:<\/td>\n<td align=\"left\">11 pies 6 pulgadas<\/td>\n<td align=\"left\">9 pies 10 pulgadas<\/td>\n<\/tr>\n<tr>\n<td align=\"left\">Ancho en transporte:<\/td>\n<td align=\"left\">7 pies 7 pulgadas<\/td>\n<td align=\"left\">7 pies 7 pulgadas<\/td>\n<\/tr>\n<tr>\n<td align=\"left\">Ancho cuando est\u00e1 abierto:<\/td>\n<td align=\"left\">23 pies 4 pulgadas<\/td>\n<td align=\"left\">19 pies 8 pulgadas<\/td>\n<\/tr>\n<tr>\n<td align=\"left\">Aislamiento:<\/td>\n<td align=\"left\">2 pulgadas XPS<\/td>\n<td align=\"left\">2 pulgadas XPS<\/td>\n<\/tr>\n<tr>\n<td align=\"left\">Superficie del suelo cuando est\u00e1 expandido:<\/td>\n<td align=\"left\">~355 pies cuadrados<\/td>\n<td align=\"left\">~258 pies cuadrados<\/td>\n<\/tr>\n<tr>\n<td align=\"left\">Temperatura de funcionamiento:<\/td>\n<td align=\"left\">de -29\u00b0F a +122\u00b0F<\/td>\n<td align=\"left\">de -29\u00b0F a +122\u00b0F<\/td>\n<\/tr>\n<tr>\n<td align=\"left\">Tiempo de despliegue y reempaque:<\/td>\n<td align=\"left\">12 minutos<\/td>\n<td align=\"left\">12 minutos<\/td>\n<\/tr>\n<tr>\n<td align=\"left\">Descripci\u00f3n:<\/td>\n<td colspan=\"2\" align=\"left\">Cami\u00f3n\/remolque est\u00e1ndar con dise\u00f1o de cocina.<\/td>\n<\/tr>\n<tr>\n<td align=\"left\">Equipamiento:<\/td>\n<td colspan=\"2 align=\">Control clim\u00e1tico, campana extractora, suministro de gas\/di\u00e9sel a bordo, diversos equipos de cocina, refrigeradores, tanques de agua, etc.<\/td>\n<\/tr>\n<\/tbody>\n<\/table>\n<\/div>\n<\/div><\/div><div class=\"fusion-layout-column fusion_builder_column fusion-builder-column-4 fusion_builder_column_1_1 1_1 fusion-flex-column\" style=\"--awb-padding-top:50px;--awb-bg-size:cover;--awb-width-large:100%;--awb-margin-top-large:0px;--awb-spacing-right-large:1.92%;--awb-margin-bottom-large:0px;--awb-spacing-left-large:1.92%;--awb-width-medium:100%;--awb-order-medium:0;--awb-spacing-right-medium:1.92%;--awb-spacing-left-medium:1.92%;--awb-width-small:100%;--awb-order-small:0;--awb-spacing-right-small:1.92%;--awb-spacing-left-small:1.92%;\" data-scroll-devices=\"small-visibility,medium-visibility,large-visibility\"><div class=\"fusion-column-wrapper fusion-column-has-shadow fusion-flex-justify-content-flex-start fusion-content-layout-column\"><div class=\"fusion-title title fusion-title-6 fusion-sep-none fusion-title-text fusion-title-size-three\" style=\"--awb-text-color:var(--awb-color5);\"><h3 class=\"fusion-title-heading title-heading-left fusion-responsive-typography-calculated\" style=\"margin:0;--fontSize:25;line-height:var(--awb-typography1-line-height);\">Galer\u00eda \/ Video<\/h3><\/div>\n<div class=\"awb-gallery-wrapper awb-gallery-wrapper-1 button-span-no\" style=\"--more-btn-alignment:center;\"><div style=\"margin:-5px;--awb-bordersize:0px;\" class=\"fusion-gallery fusion-gallery-container fusion-grid-3 fusion-columns-total-5 fusion-gallery-layout-masonry fusion-gallery-1\"><div class=\"fusion-grid-column fusion-gallery-column fusion-gallery-column-3 hover-type-none fusion-grid-sizer\"><\/div><div style=\"padding:5px;\" class=\"fusion-grid-column fusion-gallery-column fusion-gallery-column-3 hover-type-none fusion-element-landscape\"><div class=\"fusion-gallery-image\"><a href=\"https:\/\/www.youtube.com\/watch?v=vtxp4sXx7FI&amp;ab_channel=RollingUnit\" rel=\"noreferrer\" data-rel=\"iLightbox[gallery_image_1]\" class=\"fusion-lightbox\" target=\"_self\"><div style=\"background-image:url(https:\/\/rollingunit.us\/wp-content\/uploads\/2024\/10\/video-mobile-catering.jpg);padding-top:calc((100% + 10px) * 0.4 - 5px);background-position:45% 49%;\" class=\"fusion-masonry-element-container\"><img decoding=\"async\" src=\"https:\/\/rollingunit.us\/wp-content\/uploads\/2024\/10\/video-mobile-catering.jpg\" width=\"1200\" height=\"675\" alt=\"\" title=\"Mobile catering\" aria-label=\"Mobile catering\" class=\"img-responsive wp-image-2112\" srcset=\"https:\/\/rollingunit.us\/wp-content\/uploads\/2024\/10\/video-mobile-catering-200x113.jpg 200w, https:\/\/rollingunit.us\/wp-content\/uploads\/2024\/10\/video-mobile-catering-400x225.jpg 400w, https:\/\/rollingunit.us\/wp-content\/uploads\/2024\/10\/video-mobile-catering-600x338.jpg 600w, https:\/\/rollingunit.us\/wp-content\/uploads\/2024\/10\/video-mobile-catering-800x450.jpg 800w, https:\/\/rollingunit.us\/wp-content\/uploads\/2024\/10\/video-mobile-catering.jpg 1200w\" sizes=\"(min-width: 2200px) 100vw, (min-width: 640px) 1200px, \" \/><\/div><\/a><\/div><\/div><div style=\"padding:5px;\" class=\"fusion-grid-column fusion-gallery-column fusion-gallery-column-3 hover-type-none fusion-element-landscape\"><div class=\"fusion-gallery-image\"><a href=\"https:\/\/rollingunit.us\/wp-content\/uploads\/2024\/10\/mobile-catering-2.jpg\" rel=\"noreferrer\" data-rel=\"iLightbox[gallery_image_1]\" class=\"fusion-lightbox\" target=\"_self\"><div style=\"background-image:url(https:\/\/rollingunit.us\/wp-content\/uploads\/2024\/10\/mobile-catering-2.jpg);padding-top:calc((100% + 10px) * 0.4 - 5px);background-position:;\" class=\"fusion-masonry-element-container\"><img decoding=\"async\" src=\"https:\/\/rollingunit.us\/wp-content\/uploads\/2024\/10\/mobile-catering-2.jpg\" width=\"2544\" height=\"1377\" alt=\"\" title=\"Mobile catering\" aria-label=\"Mobile catering\" class=\"img-responsive wp-image-2114\" srcset=\"https:\/\/rollingunit.us\/wp-content\/uploads\/2024\/10\/mobile-catering-2-200x108.jpg 200w, https:\/\/rollingunit.us\/wp-content\/uploads\/2024\/10\/mobile-catering-2-400x217.jpg 400w, https:\/\/rollingunit.us\/wp-content\/uploads\/2024\/10\/mobile-catering-2-600x325.jpg 600w, https:\/\/rollingunit.us\/wp-content\/uploads\/2024\/10\/mobile-catering-2-800x433.jpg 800w, https:\/\/rollingunit.us\/wp-content\/uploads\/2024\/10\/mobile-catering-2-1200x650.jpg 1200w, https:\/\/rollingunit.us\/wp-content\/uploads\/2024\/10\/mobile-catering-2.jpg 2544w\" sizes=\"(min-width: 2200px) 100vw, (min-width: 640px) 1200px, \" \/><\/div><\/a><\/div><\/div><div style=\"padding:5px;\" class=\"fusion-grid-column fusion-gallery-column fusion-gallery-column-3 hover-type-none fusion-element-landscape\"><div class=\"fusion-gallery-image\"><a href=\"https:\/\/rollingunit.us\/wp-content\/uploads\/2024\/10\/mobile-catering-3.jpg\" rel=\"noreferrer\" data-rel=\"iLightbox[gallery_image_1]\" class=\"fusion-lightbox\" target=\"_self\"><div style=\"background-image:url(https:\/\/rollingunit.us\/wp-content\/uploads\/2024\/10\/mobile-catering-3.jpg);padding-top:calc((100% + 10px) * 0.4 - 5px);background-position:;\" class=\"fusion-masonry-element-container\"><img decoding=\"async\" src=\"https:\/\/rollingunit.us\/wp-content\/uploads\/2024\/10\/mobile-catering-3.jpg\" width=\"2498\" height=\"1357\" alt=\"\" title=\"Mobile catering\" aria-label=\"Mobile catering\" class=\"img-responsive wp-image-2115\" srcset=\"https:\/\/rollingunit.us\/wp-content\/uploads\/2024\/10\/mobile-catering-3-200x109.jpg 200w, https:\/\/rollingunit.us\/wp-content\/uploads\/2024\/10\/mobile-catering-3-400x217.jpg 400w, https:\/\/rollingunit.us\/wp-content\/uploads\/2024\/10\/mobile-catering-3-600x326.jpg 600w, https:\/\/rollingunit.us\/wp-content\/uploads\/2024\/10\/mobile-catering-3-800x435.jpg 800w, https:\/\/rollingunit.us\/wp-content\/uploads\/2024\/10\/mobile-catering-3-1200x652.jpg 1200w, https:\/\/rollingunit.us\/wp-content\/uploads\/2024\/10\/mobile-catering-3.jpg 2498w\" sizes=\"(min-width: 2200px) 100vw, (min-width: 640px) 1200px, \" \/><\/div><\/a><\/div><\/div><div style=\"padding:5px;\" class=\"fusion-grid-column fusion-gallery-column fusion-gallery-column-3 hover-type-none fusion-element-landscape\"><div class=\"fusion-gallery-image\"><a href=\"https:\/\/rollingunit.us\/wp-content\/uploads\/2024\/10\/mobile-catering-4.jpg\" rel=\"noreferrer\" data-rel=\"iLightbox[gallery_image_1]\" class=\"fusion-lightbox\" target=\"_self\"><div style=\"background-image:url(https:\/\/rollingunit.us\/wp-content\/uploads\/2024\/10\/mobile-catering-4.jpg);padding-top:calc((100% + 10px) * 0.4 - 5px);background-position:;\" class=\"fusion-masonry-element-container\"><img decoding=\"async\" src=\"https:\/\/rollingunit.us\/wp-content\/uploads\/2024\/10\/mobile-catering-4.jpg\" width=\"1839\" height=\"1079\" alt=\"\" title=\"Mobile catering\" aria-label=\"Mobile catering\" class=\"img-responsive wp-image-2116\" srcset=\"https:\/\/rollingunit.us\/wp-content\/uploads\/2024\/10\/mobile-catering-4-200x117.jpg 200w, https:\/\/rollingunit.us\/wp-content\/uploads\/2024\/10\/mobile-catering-4-400x235.jpg 400w, https:\/\/rollingunit.us\/wp-content\/uploads\/2024\/10\/mobile-catering-4-600x352.jpg 600w, https:\/\/rollingunit.us\/wp-content\/uploads\/2024\/10\/mobile-catering-4-800x469.jpg 800w, https:\/\/rollingunit.us\/wp-content\/uploads\/2024\/10\/mobile-catering-4-1200x704.jpg 1200w, https:\/\/rollingunit.us\/wp-content\/uploads\/2024\/10\/mobile-catering-4.jpg 1839w\" sizes=\"(min-width: 2200px) 100vw, (min-width: 640px) 1200px, \" \/><\/div><\/a><\/div><\/div><div style=\"padding:5px;\" class=\"fusion-grid-column fusion-gallery-column fusion-gallery-column-3 hover-type-none fusion-element-landscape\"><div class=\"fusion-gallery-image\"><a href=\"https:\/\/rollingunit.us\/wp-content\/uploads\/2024\/10\/mobile-catering-1.jpg\" rel=\"noreferrer\" data-rel=\"iLightbox[gallery_image_1]\" class=\"fusion-lightbox\" target=\"_self\"><div style=\"background-image:url(https:\/\/rollingunit.us\/wp-content\/uploads\/2024\/10\/mobile-catering-1.jpg);padding-top:calc((100% + 10px) * 0.4 - 5px);background-position:;\" class=\"fusion-masonry-element-container\"><img decoding=\"async\" src=\"https:\/\/rollingunit.us\/wp-content\/uploads\/2024\/10\/mobile-catering-1.jpg\" width=\"2518\" height=\"1347\" alt=\"\" title=\"Mobile catering\" aria-label=\"Mobile catering\" class=\"img-responsive wp-image-2113\" srcset=\"https:\/\/rollingunit.us\/wp-content\/uploads\/2024\/10\/mobile-catering-1-200x107.jpg 200w, https:\/\/rollingunit.us\/wp-content\/uploads\/2024\/10\/mobile-catering-1-400x214.jpg 400w, https:\/\/rollingunit.us\/wp-content\/uploads\/2024\/10\/mobile-catering-1-600x321.jpg 600w, https:\/\/rollingunit.us\/wp-content\/uploads\/2024\/10\/mobile-catering-1-800x428.jpg 800w, https:\/\/rollingunit.us\/wp-content\/uploads\/2024\/10\/mobile-catering-1-1200x642.jpg 1200w, https:\/\/rollingunit.us\/wp-content\/uploads\/2024\/10\/mobile-catering-1.jpg 2518w\" sizes=\"(min-width: 2200px) 100vw, (min-width: 640px) 1200px, \" \/><\/div><\/a><\/div><\/div><\/div><\/div><\/div><\/div><\/div><\/div><div class=\"fusion-fullwidth fullwidth-box fusion-builder-row-3 fusion-flex-container has-pattern-background has-mask-background nonhundred-percent-fullwidth non-hundred-percent-height-scrolling\" style=\"--awb-border-radius-top-left:0px;--awb-border-radius-top-right:0px;--awb-border-radius-bottom-right:0px;--awb-border-radius-bottom-left:0px;--awb-padding-top:60px;--awb-padding-bottom:40px;--awb-flex-wrap:wrap;\" ><div class=\"fusion-builder-row fusion-row fusion-flex-align-items-stretch fusion-flex-justify-content-center fusion-flex-content-wrap\" style=\"max-width:1248px;margin-left: calc(-4% \/ 2 );margin-right: calc(-4% \/ 2 );\"><div class=\"fusion-layout-column fusion_builder_column fusion-builder-column-5 fusion_builder_column_1_1 1_1 fusion-flex-column\" style=\"--awb-bg-size:cover;--awb-width-large:100%;--awb-margin-top-large:0px;--awb-spacing-right-large:1.92%;--awb-margin-bottom-large:40px;--awb-spacing-left-large:1.92%;--awb-width-medium:100%;--awb-order-medium:0;--awb-spacing-right-medium:1.92%;--awb-spacing-left-medium:1.92%;--awb-width-small:100%;--awb-order-small:0;--awb-spacing-right-small:1.92%;--awb-spacing-left-small:1.92%;\" data-scroll-devices=\"small-visibility,medium-visibility,large-visibility\"><div class=\"fusion-column-wrapper fusion-column-has-shadow fusion-flex-justify-content-flex-start fusion-content-layout-column\"><div class=\"fusion-title title fusion-title-7 fusion-sep-none fusion-title-center fusion-title-text fusion-title-size-div\" style=\"--awb-text-color:var(--awb-color4);--awb-font-size:35px;\"><div class=\"fusion-title-heading title-heading-center title-heading-tag fusion-responsive-typography-calculated\" style=\"font-family:&quot;Montserrat&quot;;font-style:normal;font-weight:700;margin:0;font-size:1em;--fontSize:35;line-height:var(--awb-typography4-line-height);\">\u00bfTienes preguntas o necesitas m\u00e1s informaci\u00f3n?<\/div><\/div><div class=\"fusion-text fusion-text-3\" style=\"--awb-text-font-family:&quot;Montserrat&quot;;--awb-text-font-style:normal;--awb-text-font-weight:500;\"><p class=\"p1\" style=\"text-align: center;\">Ponte en contacto con nosotros hoy mismo. Nuestro equipo est\u00e1 aqu\u00ed para ayudarte y brindarte el apoyo que necesitas para avanzar. <\/p>\n<\/div><div style=\"text-align:center;\"><a class=\"fusion-button button-flat fusion-button-default-size button-default fusion-button-default button-2 fusion-button-default-span fusion-button-default-type\" style=\"--button_text_transform:uppercase;\" target=\"_self\" href=\"https:\/\/rollingunit.us\/es\/contacto\/\"><span class=\"fusion-button-text awb-button__text awb-button__text--default\">Nuestros contactos<\/span><\/a><\/div><\/div><\/div><\/div><\/div>\n<\/p>\n","protected":false},"excerpt":{"rendered":"","protected":false},"author":2,"featured_media":0,"parent":2784,"menu_order":0,"comment_status":"closed","ping_status":"closed","template":"100-width.php","meta":{"footnotes":""},"class_list":["post-2861","page","type-page","status-publish","hentry"],"_links":{"self":[{"href":"https:\/\/rollingunit.us\/es\/wp-json\/wp\/v2\/pages\/2861","targetHints":{"allow":["GET"]}}],"collection":[{"href":"https:\/\/rollingunit.us\/es\/wp-json\/wp\/v2\/pages"}],"about":[{"href":"https:\/\/rollingunit.us\/es\/wp-json\/wp\/v2\/types\/page"}],"author":[{"embeddable":true,"href":"https:\/\/rollingunit.us\/es\/wp-json\/wp\/v2\/users\/2"}],"replies":[{"embeddable":true,"href":"https:\/\/rollingunit.us\/es\/wp-json\/wp\/v2\/comments?post=2861"}],"version-history":[{"count":4,"href":"https:\/\/rollingunit.us\/es\/wp-json\/wp\/v2\/pages\/2861\/revisions"}],"predecessor-version":[{"id":3567,"href":"https:\/\/rollingunit.us\/es\/wp-json\/wp\/v2\/pages\/2861\/revisions\/3567"}],"up":[{"embeddable":true,"href":"https:\/\/rollingunit.us\/es\/wp-json\/wp\/v2\/pages\/2784"}],"wp:attachment":[{"href":"https:\/\/rollingunit.us\/es\/wp-json\/wp\/v2\/media?parent=2861"}],"curies":[{"name":"wp","href":"https:\/\/api.w.org\/{rel}","templated":true}]}}