{"id":2797,"date":"2024-10-04T10:49:03","date_gmt":"2024-10-04T07:49:03","guid":{"rendered":"https:\/\/rollingunit.us\/movie-facilities\/"},"modified":"2025-02-25T11:23:43","modified_gmt":"2025-02-25T09:23:43","slug":"cine","status":"publish","type":"page","link":"https:\/\/rollingunit.us\/es\/cine\/","title":{"rendered":"Cine"},"content":{"rendered":"<p><div class=\"fusion-fullwidth fullwidth-box fusion-builder-row-1 fusion-flex-container has-pattern-background has-mask-background fusion-parallax-none nonhundred-percent-fullwidth non-hundred-percent-height-scrolling\" style=\"--awb-background-position:right bottom;--awb-background-position-small:left center;--awb-border-radius-top-left:0px;--awb-border-radius-top-right:0px;--awb-border-radius-bottom-right:0px;--awb-border-radius-bottom-left:0px;--awb-min-height:250px;--awb-min-height-small:100px;--awb-background-image:url(&quot;https:\/\/rollingunit.us\/wp-content\/uploads\/2024\/12\/bg-movie.png&quot;);--awb-background-size:cover;--awb-flex-wrap:wrap;\" ><div class=\"fusion-builder-row fusion-row fusion-flex-align-items-center fusion-flex-content-wrap\" style=\"max-width:1248px;margin-left: calc(-4% \/ 2 );margin-right: calc(-4% \/ 2 );\"><div class=\"fusion-layout-column fusion_builder_column fusion-builder-column-0 fusion_builder_column_2_5 2_5 fusion-flex-column\" style=\"--awb-padding-top:40px;--awb-padding-bottom:30px;--awb-bg-size:cover;--awb-width-large:40%;--awb-margin-top-large:0px;--awb-spacing-right-large:4.8%;--awb-margin-bottom-large:0px;--awb-spacing-left-large:4.8%;--awb-width-medium:40%;--awb-order-medium:0;--awb-spacing-right-medium:4.8%;--awb-spacing-left-medium:4.8%;--awb-width-small:100%;--awb-order-small:0;--awb-spacing-right-small:1.92%;--awb-spacing-left-small:1.92%;\" data-scroll-devices=\"small-visibility,medium-visibility,large-visibility\"><div class=\"fusion-column-wrapper fusion-column-has-shadow fusion-flex-justify-content-center fusion-content-layout-column\"><div class=\"fusion-title title fusion-title-1 fusion-sep-none fusion-title-text fusion-title-size-one\" style=\"--awb-text-color:var(--awb-custom_color_2);--awb-font-size:60px;\"><h1 class=\"fusion-title-heading title-heading-left fusion-responsive-typography-calculated\" style=\"margin:0;font-size:1em;--fontSize:60;line-height:1;\">Cine<\/h1><\/div><\/div><\/div><\/div><\/div><div class=\"fusion-fullwidth fullwidth-box fusion-builder-row-2 fusion-flex-container has-pattern-background has-mask-background nonhundred-percent-fullwidth non-hundred-percent-height-scrolling\" style=\"--awb-border-radius-top-left:0px;--awb-border-radius-top-right:0px;--awb-border-radius-bottom-right:0px;--awb-border-radius-bottom-left:0px;--awb-padding-top:60px;--awb-flex-wrap:wrap;\" ><div class=\"fusion-builder-row fusion-row fusion-flex-align-items-stretch fusion-flex-justify-content-center fusion-flex-content-wrap\" style=\"max-width:1248px;margin-left: calc(-4% \/ 2 );margin-right: calc(-4% \/ 2 );\"><div class=\"fusion-layout-column fusion_builder_column fusion-builder-column-1 fusion_builder_column_1_3 1_3 fusion-flex-column fusion-column-inner-bg-wrapper\" style=\"--awb-inner-bg-size:cover;--awb-border-color:var(--awb-custom_color_1);--awb-border-top:0px;--awb-border-right:0px;--awb-border-bottom:7px;--awb-border-left:0px;--awb-border-style:solid;--awb-width-large:33.333333333333%;--awb-margin-top-large:0px;--awb-spacing-right-large:5.76%;--awb-margin-bottom-large:60px;--awb-spacing-left-large:5.76%;--awb-width-medium:33.333333333333%;--awb-order-medium:0;--awb-spacing-right-medium:5.76%;--awb-spacing-left-medium:5.76%;--awb-width-small:100%;--awb-order-small:0;--awb-spacing-right-small:1.92%;--awb-spacing-left-small:1.92%;\" data-scroll-devices=\"small-visibility,medium-visibility,large-visibility\"><span class=\"fusion-column-inner-bg hover-type-none\"><a class=\"fusion-column-anchor\" href=\"https:\/\/rollingunit.us\/es\/cine\/remolques-de-vestuario\/\"><span class=\"fusion-column-inner-bg-image\"><\/span><\/a><\/span><div class=\"fusion-column-wrapper fusion-column-has-shadow fusion-flex-justify-content-flex-start fusion-content-layout-column\"><div class=\"fusion-image-element \" style=\"--awb-caption-title-font-family:var(--h2_typography-font-family);--awb-caption-title-font-weight:var(--h2_typography-font-weight);--awb-caption-title-font-style:var(--h2_typography-font-style);--awb-caption-title-size:var(--h2_typography-font-size);--awb-caption-title-transform:var(--h2_typography-text-transform);--awb-caption-title-line-height:var(--h2_typography-line-height);--awb-caption-title-letter-spacing:var(--h2_typography-letter-spacing);\"><span class=\" fusion-imageframe imageframe-none imageframe-1 hover-type-none\"><img decoding=\"async\" width=\"1500\" height=\"844\" title=\"Trailer (XL)\" src=\"https:\/\/rollingunit.us\/wp-content\/uploads\/2024\/12\/trailer-xl.jpg\" alt class=\"img-responsive wp-image-2539\" srcset=\"https:\/\/rollingunit.us\/wp-content\/uploads\/2024\/12\/trailer-xl-200x113.jpg 200w, https:\/\/rollingunit.us\/wp-content\/uploads\/2024\/12\/trailer-xl-400x225.jpg 400w, https:\/\/rollingunit.us\/wp-content\/uploads\/2024\/12\/trailer-xl-600x338.jpg 600w, https:\/\/rollingunit.us\/wp-content\/uploads\/2024\/12\/trailer-xl-800x450.jpg 800w, https:\/\/rollingunit.us\/wp-content\/uploads\/2024\/12\/trailer-xl-1200x675.jpg 1200w, https:\/\/rollingunit.us\/wp-content\/uploads\/2024\/12\/trailer-xl.jpg 1500w\" sizes=\"(max-width: 640px) 100vw, 400px\" \/><\/span><\/div><div class=\"fusion-title title fusion-title-2 fusion-sep-none fusion-title-text fusion-title-size-four\" style=\"--awb-text-color:var(--awb-color5);--awb-margin-top:15px;--awb-margin-right:20px;--awb-margin-bottom:10px;--awb-margin-left:20px;--awb-margin-right-small:20px;--awb-margin-left-small:20px;--awb-sep-color:var(--awb-color6);--awb-font-size:20px;\"><h4 class=\"fusion-title-heading title-heading-left fusion-responsive-typography-calculated\" style=\"font-family:&quot;Montserrat&quot;;font-style:normal;font-weight:600;margin:0;font-size:1em;--fontSize:20;line-height:var(--awb-typography1-line-height);\">Remolques de Vestuario<\/h4><\/div><div class=\"fusion-text fusion-text-1\" style=\"--awb-margin-right:20px;--awb-margin-left:20px;\"><p class=\"p1\">El Remolque de Vestuario Rolling Unit es una instalaci\u00f3n m\u00f3vil dise\u00f1ada para satisfacer las necesidades espec\u00edficas de gesti\u00f3n de vestuario, estilismo y servicios de vestuario en movimiento para producciones, eventos o rodajes en ubicaciones remotas.<\/p>\n<\/div><\/div><\/div><div class=\"fusion-layout-column fusion_builder_column fusion-builder-column-2 fusion_builder_column_1_3 1_3 fusion-flex-column fusion-column-inner-bg-wrapper\" style=\"--awb-inner-bg-size:cover;--awb-border-color:var(--awb-custom_color_1);--awb-border-top:0px;--awb-border-right:0px;--awb-border-bottom:7px;--awb-border-left:0px;--awb-border-style:solid;--awb-width-large:33.333333333333%;--awb-margin-top-large:0px;--awb-spacing-right-large:5.76%;--awb-margin-bottom-large:60px;--awb-spacing-left-large:5.76%;--awb-width-medium:33.333333333333%;--awb-order-medium:0;--awb-spacing-right-medium:5.76%;--awb-spacing-left-medium:5.76%;--awb-width-small:100%;--awb-order-small:0;--awb-spacing-right-small:1.92%;--awb-spacing-left-small:1.92%;\" data-scroll-devices=\"small-visibility,medium-visibility,large-visibility\"><span class=\"fusion-column-inner-bg hover-type-none\"><a class=\"fusion-column-anchor\" href=\"https:\/\/rollingunit.us\/es\/cine\/remolque-de-maquillaje\/\"><span class=\"fusion-column-inner-bg-image\"><\/span><\/a><\/span><div class=\"fusion-column-wrapper fusion-column-has-shadow fusion-flex-justify-content-flex-start fusion-content-layout-column\"><div class=\"fusion-image-element \" style=\"--awb-caption-title-font-family:var(--h2_typography-font-family);--awb-caption-title-font-weight:var(--h2_typography-font-weight);--awb-caption-title-font-style:var(--h2_typography-font-style);--awb-caption-title-size:var(--h2_typography-font-size);--awb-caption-title-transform:var(--h2_typography-text-transform);--awb-caption-title-line-height:var(--h2_typography-line-height);--awb-caption-title-letter-spacing:var(--h2_typography-letter-spacing);\"><span class=\" fusion-imageframe imageframe-none imageframe-2 hover-type-none\"><img decoding=\"async\" width=\"1920\" height=\"1080\" title=\"Make-Up Trailer\" src=\"https:\/\/rollingunit.us\/wp-content\/uploads\/2024\/12\/make-up-trailer-min.jpg\" alt class=\"img-responsive wp-image-2371\" srcset=\"https:\/\/rollingunit.us\/wp-content\/uploads\/2024\/12\/make-up-trailer-min-200x113.jpg 200w, https:\/\/rollingunit.us\/wp-content\/uploads\/2024\/12\/make-up-trailer-min-400x225.jpg 400w, https:\/\/rollingunit.us\/wp-content\/uploads\/2024\/12\/make-up-trailer-min-600x338.jpg 600w, https:\/\/rollingunit.us\/wp-content\/uploads\/2024\/12\/make-up-trailer-min-800x450.jpg 800w, https:\/\/rollingunit.us\/wp-content\/uploads\/2024\/12\/make-up-trailer-min-1200x675.jpg 1200w, https:\/\/rollingunit.us\/wp-content\/uploads\/2024\/12\/make-up-trailer-min.jpg 1920w\" sizes=\"(max-width: 640px) 100vw, 400px\" \/><\/span><\/div><div class=\"fusion-title title fusion-title-3 fusion-sep-none fusion-title-text fusion-title-size-four\" style=\"--awb-text-color:var(--awb-color5);--awb-margin-top:15px;--awb-margin-right:20px;--awb-margin-bottom:10px;--awb-margin-left:20px;--awb-margin-right-small:20px;--awb-margin-left-small:20px;--awb-sep-color:var(--awb-color6);--awb-font-size:20px;\"><h4 class=\"fusion-title-heading title-heading-left fusion-responsive-typography-calculated\" style=\"font-family:&quot;Montserrat&quot;;font-style:normal;font-weight:600;margin:0;font-size:1em;--fontSize:20;line-height:var(--awb-typography1-line-height);\">Remolque de Maquillaje<\/h4><\/div><div class=\"fusion-text fusion-text-2\" style=\"--awb-margin-right:20px;--awb-margin-left:20px;\"><p class=\"p1\">El Remolque de Maquillaje Rolling Unit es una soluci\u00f3n m\u00f3vil completamente equipada, dise\u00f1ada para ofrecer servicios de maquillaje y cosm\u00e9tica de alta calidad en cualquier ubicaci\u00f3n.<\/p>\n<\/div><\/div><\/div><div class=\"fusion-layout-column fusion_builder_column fusion-builder-column-3 fusion_builder_column_1_3 1_3 fusion-flex-column fusion-column-inner-bg-wrapper\" style=\"--awb-inner-bg-size:cover;--awb-border-color:var(--awb-custom_color_1);--awb-border-top:0px;--awb-border-right:0px;--awb-border-bottom:7px;--awb-border-left:0px;--awb-border-style:solid;--awb-width-large:33.333333333333%;--awb-margin-top-large:0px;--awb-spacing-right-large:5.76%;--awb-margin-bottom-large:60px;--awb-spacing-left-large:5.76%;--awb-width-medium:33.333333333333%;--awb-order-medium:0;--awb-spacing-right-medium:5.76%;--awb-spacing-left-medium:5.76%;--awb-width-small:100%;--awb-order-small:0;--awb-spacing-right-small:1.92%;--awb-spacing-left-small:1.92%;\" data-scroll-devices=\"small-visibility,medium-visibility,large-visibility\"><span class=\"fusion-column-inner-bg hover-type-none\"><a class=\"fusion-column-anchor\" href=\"https:\/\/rollingunit.us\/es\/cine\/alojamiento-general\/\"><span class=\"fusion-column-inner-bg-image\"><\/span><\/a><\/span><div class=\"fusion-column-wrapper fusion-column-has-shadow fusion-flex-justify-content-flex-start fusion-content-layout-column\"><div class=\"fusion-image-element \" style=\"--awb-caption-title-font-family:var(--h2_typography-font-family);--awb-caption-title-font-weight:var(--h2_typography-font-weight);--awb-caption-title-font-style:var(--h2_typography-font-style);--awb-caption-title-size:var(--h2_typography-font-size);--awb-caption-title-transform:var(--h2_typography-text-transform);--awb-caption-title-line-height:var(--h2_typography-line-height);--awb-caption-title-letter-spacing:var(--h2_typography-letter-spacing);\"><span class=\" fusion-imageframe imageframe-none imageframe-3 hover-type-none\"><img decoding=\"async\" width=\"1920\" height=\"1080\" title=\"XL truck\" src=\"https:\/\/rollingunit.us\/wp-content\/uploads\/2024\/12\/xl-truck-main-min.jpg\" alt class=\"img-responsive wp-image-2496\" srcset=\"https:\/\/rollingunit.us\/wp-content\/uploads\/2024\/12\/xl-truck-main-min-200x113.jpg 200w, https:\/\/rollingunit.us\/wp-content\/uploads\/2024\/12\/xl-truck-main-min-400x225.jpg 400w, https:\/\/rollingunit.us\/wp-content\/uploads\/2024\/12\/xl-truck-main-min-600x338.jpg 600w, https:\/\/rollingunit.us\/wp-content\/uploads\/2024\/12\/xl-truck-main-min-800x450.jpg 800w, https:\/\/rollingunit.us\/wp-content\/uploads\/2024\/12\/xl-truck-main-min-1200x675.jpg 1200w, https:\/\/rollingunit.us\/wp-content\/uploads\/2024\/12\/xl-truck-main-min.jpg 1920w\" sizes=\"(max-width: 640px) 100vw, 400px\" \/><\/span><\/div><div class=\"fusion-title title fusion-title-4 fusion-sep-none fusion-title-text fusion-title-size-four\" style=\"--awb-text-color:var(--awb-color5);--awb-margin-top:15px;--awb-margin-right:20px;--awb-margin-bottom:10px;--awb-margin-left:20px;--awb-margin-right-small:20px;--awb-margin-left-small:20px;--awb-sep-color:var(--awb-color6);--awb-font-size:20px;\"><h4 class=\"fusion-title-heading title-heading-left fusion-responsive-typography-calculated\" style=\"font-family:&quot;Montserrat&quot;;font-style:normal;font-weight:600;margin:0;font-size:1em;--fontSize:20;line-height:var(--awb-typography1-line-height);\">Alojamiento General<\/h4><\/div><div class=\"fusion-text fusion-text-3\" style=\"--awb-margin-right:20px;--awb-margin-left:20px;\"><p class=\"p1\">El Alojamiento General Rolling Unit es una soluci\u00f3n m\u00f3vil y vers\u00e1til dise\u00f1ada espec\u00edficamente para cubrir las necesidades de hospedaje de los equipos de producci\u00f3n de cine y televisi\u00f3n.<\/p>\n<\/div><\/div><\/div><div class=\"fusion-layout-column fusion_builder_column fusion-builder-column-4 fusion_builder_column_1_3 1_3 fusion-flex-column fusion-column-inner-bg-wrapper\" style=\"--awb-inner-bg-size:cover;--awb-border-color:var(--awb-custom_color_1);--awb-border-top:0px;--awb-border-right:0px;--awb-border-bottom:7px;--awb-border-left:0px;--awb-border-style:solid;--awb-width-large:33.333333333333%;--awb-margin-top-large:0px;--awb-spacing-right-large:5.76%;--awb-margin-bottom-large:60px;--awb-spacing-left-large:5.76%;--awb-width-medium:33.333333333333%;--awb-order-medium:0;--awb-spacing-right-medium:5.76%;--awb-spacing-left-medium:5.76%;--awb-width-small:100%;--awb-order-small:0;--awb-spacing-right-small:1.92%;--awb-spacing-left-small:1.92%;\" data-scroll-devices=\"small-visibility,medium-visibility,large-visibility\"><span class=\"fusion-column-inner-bg hover-type-none\"><a class=\"fusion-column-anchor\" href=\"https:\/\/rollingunit.us\/es\/cine\/vehiculo-de-escaneo-laser-3d\/\"><span class=\"fusion-column-inner-bg-image\"><\/span><\/a><\/span><div class=\"fusion-column-wrapper fusion-column-has-shadow fusion-flex-justify-content-flex-start fusion-content-layout-column\"><div class=\"fusion-image-element \" style=\"--awb-caption-title-font-family:var(--h2_typography-font-family);--awb-caption-title-font-weight:var(--h2_typography-font-weight);--awb-caption-title-font-style:var(--h2_typography-font-style);--awb-caption-title-size:var(--h2_typography-font-size);--awb-caption-title-transform:var(--h2_typography-text-transform);--awb-caption-title-line-height:var(--h2_typography-line-height);--awb-caption-title-letter-spacing:var(--h2_typography-letter-spacing);\"><span class=\" fusion-imageframe imageframe-none imageframe-4 hover-type-none\"><img decoding=\"async\" width=\"1920\" height=\"1080\" title=\"XL truck\" src=\"https:\/\/rollingunit.us\/wp-content\/uploads\/2024\/12\/xl-truck-main-min.jpg\" alt class=\"img-responsive wp-image-2496\" srcset=\"https:\/\/rollingunit.us\/wp-content\/uploads\/2024\/12\/xl-truck-main-min-200x113.jpg 200w, https:\/\/rollingunit.us\/wp-content\/uploads\/2024\/12\/xl-truck-main-min-400x225.jpg 400w, https:\/\/rollingunit.us\/wp-content\/uploads\/2024\/12\/xl-truck-main-min-600x338.jpg 600w, https:\/\/rollingunit.us\/wp-content\/uploads\/2024\/12\/xl-truck-main-min-800x450.jpg 800w, https:\/\/rollingunit.us\/wp-content\/uploads\/2024\/12\/xl-truck-main-min-1200x675.jpg 1200w, https:\/\/rollingunit.us\/wp-content\/uploads\/2024\/12\/xl-truck-main-min.jpg 1920w\" sizes=\"(max-width: 640px) 100vw, 400px\" \/><\/span><\/div><div class=\"fusion-title title fusion-title-5 fusion-sep-none fusion-title-text fusion-title-size-four\" style=\"--awb-text-color:var(--awb-color5);--awb-margin-top:15px;--awb-margin-right:20px;--awb-margin-bottom:10px;--awb-margin-left:20px;--awb-margin-right-small:20px;--awb-margin-left-small:20px;--awb-sep-color:var(--awb-color6);--awb-font-size:20px;\"><h4 class=\"fusion-title-heading title-heading-left fusion-responsive-typography-calculated\" style=\"font-family:&quot;Montserrat&quot;;font-style:normal;font-weight:600;margin:0;font-size:1em;--fontSize:20;line-height:var(--awb-typography1-line-height);\">Veh\u00edculo de Escaneo L\u00e1ser 3D<\/h4><\/div><div class=\"fusion-text fusion-text-4\" style=\"--awb-margin-right:20px;--awb-margin-left:20px;\"><p class=\"p1\">El Remolque de Escaneo L\u00e1ser 3D Rolling Unit para Producciones Cinematogr\u00e1ficas es una soluci\u00f3n m\u00f3vil dise\u00f1ada para apoyar a los especialistas en escaneo l\u00e1ser 3D dentro de la industria del cine.<\/p>\n<\/div><\/div><\/div><div class=\"fusion-layout-column fusion_builder_column fusion-builder-column-5 fusion_builder_column_1_3 1_3 fusion-flex-column fusion-column-inner-bg-wrapper\" style=\"--awb-inner-bg-size:cover;--awb-border-color:var(--awb-custom_color_1);--awb-border-top:0px;--awb-border-right:0px;--awb-border-bottom:7px;--awb-border-left:0px;--awb-border-style:solid;--awb-width-large:33.333333333333%;--awb-margin-top-large:0px;--awb-spacing-right-large:5.76%;--awb-margin-bottom-large:60px;--awb-spacing-left-large:5.76%;--awb-width-medium:33.333333333333%;--awb-order-medium:0;--awb-spacing-right-medium:5.76%;--awb-spacing-left-medium:5.76%;--awb-width-small:100%;--awb-order-small:0;--awb-spacing-right-small:1.92%;--awb-spacing-left-small:1.92%;\" data-scroll-devices=\"small-visibility,medium-visibility,large-visibility\"><span class=\"fusion-column-inner-bg hover-type-none\"><a class=\"fusion-column-anchor\" href=\"https:\/\/rollingunit.us\/es\/cine\/remolque-para-artistas\/\"><span class=\"fusion-column-inner-bg-image\"><\/span><\/a><\/span><div class=\"fusion-column-wrapper fusion-column-has-shadow fusion-flex-justify-content-flex-start fusion-content-layout-column\"><div class=\"fusion-image-element \" style=\"--awb-caption-title-font-family:var(--h2_typography-font-family);--awb-caption-title-font-weight:var(--h2_typography-font-weight);--awb-caption-title-font-style:var(--h2_typography-font-style);--awb-caption-title-size:var(--h2_typography-font-size);--awb-caption-title-transform:var(--h2_typography-text-transform);--awb-caption-title-line-height:var(--h2_typography-line-height);--awb-caption-title-letter-spacing:var(--h2_typography-letter-spacing);\"><span class=\" fusion-imageframe imageframe-none imageframe-5 hover-type-none\"><img decoding=\"async\" width=\"1920\" height=\"1080\" title=\"Artist Trailer\" src=\"https:\/\/rollingunit.us\/wp-content\/uploads\/2024\/12\/artist-trailer.jpg\" alt class=\"img-responsive wp-image-2375\" srcset=\"https:\/\/rollingunit.us\/wp-content\/uploads\/2024\/12\/artist-trailer-200x113.jpg 200w, https:\/\/rollingunit.us\/wp-content\/uploads\/2024\/12\/artist-trailer-400x225.jpg 400w, https:\/\/rollingunit.us\/wp-content\/uploads\/2024\/12\/artist-trailer-600x338.jpg 600w, https:\/\/rollingunit.us\/wp-content\/uploads\/2024\/12\/artist-trailer-800x450.jpg 800w, https:\/\/rollingunit.us\/wp-content\/uploads\/2024\/12\/artist-trailer-1200x675.jpg 1200w, https:\/\/rollingunit.us\/wp-content\/uploads\/2024\/12\/artist-trailer.jpg 1920w\" sizes=\"(max-width: 640px) 100vw, 400px\" \/><\/span><\/div><div class=\"fusion-title title fusion-title-6 fusion-sep-none fusion-title-text fusion-title-size-four\" style=\"--awb-text-color:var(--awb-color5);--awb-margin-top:15px;--awb-margin-right:20px;--awb-margin-bottom:10px;--awb-margin-left:20px;--awb-margin-right-small:20px;--awb-margin-left-small:20px;--awb-sep-color:var(--awb-color6);--awb-font-size:20px;\"><h4 class=\"fusion-title-heading title-heading-left fusion-responsive-typography-calculated\" style=\"font-family:&quot;Montserrat&quot;;font-style:normal;font-weight:600;margin:0;font-size:1em;--fontSize:20;line-height:var(--awb-typography1-line-height);\">Remolque para Artistas<\/h4><\/div><div class=\"fusion-text fusion-text-5\" style=\"--awb-margin-right:20px;--awb-margin-left:20px;\"><p>El Remolque para Artistas Rolling Unit es una instalaci\u00f3n m\u00f3vil dise\u00f1ada espec\u00edficamente para satisfacer las necesidades \u00fanicas de artistas, int\u00e9rpretes y creativos.<\/p>\n<\/div><\/div><\/div><\/div><\/div><\/p>\n","protected":false},"excerpt":{"rendered":"","protected":false},"author":2,"featured_media":0,"parent":0,"menu_order":0,"comment_status":"closed","ping_status":"closed","template":"100-width.php","meta":{"footnotes":""},"class_list":["post-2797","page","type-page","status-publish","hentry"],"_links":{"self":[{"href":"https:\/\/rollingunit.us\/es\/wp-json\/wp\/v2\/pages\/2797","targetHints":{"allow":["GET"]}}],"collection":[{"href":"https:\/\/rollingunit.us\/es\/wp-json\/wp\/v2\/pages"}],"about":[{"href":"https:\/\/rollingunit.us\/es\/wp-json\/wp\/v2\/types\/page"}],"author":[{"embeddable":true,"href":"https:\/\/rollingunit.us\/es\/wp-json\/wp\/v2\/users\/2"}],"replies":[{"embeddable":true,"href":"https:\/\/rollingunit.us\/es\/wp-json\/wp\/v2\/comments?post=2797"}],"version-history":[{"count":7,"href":"https:\/\/rollingunit.us\/es\/wp-json\/wp\/v2\/pages\/2797\/revisions"}],"predecessor-version":[{"id":3054,"href":"https:\/\/rollingunit.us\/es\/wp-json\/wp\/v2\/pages\/2797\/revisions\/3054"}],"wp:attachment":[{"href":"https:\/\/rollingunit.us\/es\/wp-json\/wp\/v2\/media?parent=2797"}],"curies":[{"name":"wp","href":"https:\/\/api.w.org\/{rel}","templated":true}]}}