{"id":2784,"date":"2024-10-04T10:42:47","date_gmt":"2024-10-04T07:42:47","guid":{"rendered":"https:\/\/rollingunit.us\/promotion-events\/"},"modified":"2026-01-22T14:18:00","modified_gmt":"2026-01-22T12:18:00","slug":"promocion-y-eventos","status":"publish","type":"page","link":"https:\/\/rollingunit.us\/es\/promocion-y-eventos\/","title":{"rendered":"Promoci\u00f3n y eventos"},"content":{"rendered":"<p><div class=\"fusion-fullwidth fullwidth-box fusion-builder-row-1 fusion-flex-container has-pattern-background has-mask-background fusion-parallax-none nonhundred-percent-fullwidth non-hundred-percent-height-scrolling\" style=\"--awb-background-position:right bottom;--awb-background-position-small:left center;--awb-border-radius-top-left:0px;--awb-border-radius-top-right:0px;--awb-border-radius-bottom-right:0px;--awb-border-radius-bottom-left:0px;--awb-min-height:250px;--awb-min-height-small:100px;--awb-background-image:url(&quot;https:\/\/rollingunit.us\/wp-content\/uploads\/2024\/10\/bg-orange.png&quot;);--awb-background-size:cover;--awb-flex-wrap:wrap;\" ><div class=\"fusion-builder-row fusion-row fusion-flex-align-items-center fusion-flex-content-wrap\" style=\"max-width:1248px;margin-left: calc(-4% \/ 2 );margin-right: calc(-4% \/ 2 );\"><div class=\"fusion-layout-column fusion_builder_column fusion-builder-column-0 fusion_builder_column_2_5 2_5 fusion-flex-column\" style=\"--awb-padding-top:40px;--awb-padding-bottom:30px;--awb-bg-size:cover;--awb-width-large:40%;--awb-margin-top-large:0px;--awb-spacing-right-large:4.8%;--awb-margin-bottom-large:0px;--awb-spacing-left-large:4.8%;--awb-width-medium:40%;--awb-order-medium:0;--awb-spacing-right-medium:4.8%;--awb-spacing-left-medium:4.8%;--awb-width-small:100%;--awb-order-small:0;--awb-spacing-right-small:1.92%;--awb-spacing-left-small:1.92%;\" data-scroll-devices=\"small-visibility,medium-visibility,large-visibility\"><div class=\"fusion-column-wrapper fusion-column-has-shadow fusion-flex-justify-content-center fusion-content-layout-column\"><div class=\"fusion-title title fusion-title-1 fusion-sep-none fusion-title-text fusion-title-size-one\" style=\"--awb-text-color:var(--awb-color6);--awb-font-size:60px;\"><h1 class=\"fusion-title-heading title-heading-left fusion-responsive-typography-calculated\" style=\"margin:0;font-size:1em;--fontSize:60;line-height:1;\">Promoci\u00f3n y eventos<\/h1><\/div><\/div><\/div><\/div><\/div><div class=\"fusion-fullwidth fullwidth-box fusion-builder-row-2 fusion-flex-container has-pattern-background has-mask-background nonhundred-percent-fullwidth non-hundred-percent-height-scrolling\" style=\"--awb-border-radius-top-left:0px;--awb-border-radius-top-right:0px;--awb-border-radius-bottom-right:0px;--awb-border-radius-bottom-left:0px;--awb-padding-top:60px;--awb-flex-wrap:wrap;\" ><div class=\"fusion-builder-row fusion-row fusion-flex-align-items-stretch fusion-flex-justify-content-center fusion-flex-content-wrap\" style=\"max-width:1248px;margin-left: calc(-4% \/ 2 );margin-right: calc(-4% \/ 2 );\"><div class=\"fusion-layout-column fusion_builder_column fusion-builder-column-1 fusion_builder_column_1_3 1_3 fusion-flex-column fusion-column-inner-bg-wrapper\" style=\"--awb-inner-bg-size:cover;--awb-border-color:var(--awb-color6);--awb-border-top:0px;--awb-border-right:0px;--awb-border-bottom:7px;--awb-border-left:0px;--awb-border-style:solid;--awb-width-large:33.333333333333%;--awb-margin-top-large:0px;--awb-spacing-right-large:5.76%;--awb-margin-bottom-large:60px;--awb-spacing-left-large:5.76%;--awb-width-medium:33.333333333333%;--awb-order-medium:0;--awb-spacing-right-medium:5.76%;--awb-spacing-left-medium:5.76%;--awb-width-small:100%;--awb-order-small:0;--awb-spacing-right-small:1.92%;--awb-spacing-left-small:1.92%;\" data-scroll-devices=\"small-visibility,medium-visibility,large-visibility\"><span class=\"fusion-column-inner-bg hover-type-none\"><a class=\"fusion-column-anchor\" href=\"https:\/\/rollingunit.us\/es\/promocion-y-eventos\/promotrailer-xl\/\"><span class=\"fusion-column-inner-bg-image\"><\/span><\/a><\/span><div class=\"fusion-column-wrapper fusion-column-has-shadow fusion-flex-justify-content-flex-start fusion-content-layout-column\"><div class=\"fusion-image-element \" style=\"--awb-caption-title-font-family:var(--h2_typography-font-family);--awb-caption-title-font-weight:var(--h2_typography-font-weight);--awb-caption-title-font-style:var(--h2_typography-font-style);--awb-caption-title-size:var(--h2_typography-font-size);--awb-caption-title-transform:var(--h2_typography-text-transform);--awb-caption-title-line-height:var(--h2_typography-line-height);--awb-caption-title-letter-spacing:var(--h2_typography-letter-spacing);\"><span class=\" fusion-imageframe imageframe-none imageframe-1 hover-type-none\"><img decoding=\"async\" width=\"1920\" height=\"1080\" title=\"Promotrailer (XL)\" src=\"https:\/\/rollingunit.us\/wp-content\/uploads\/2024\/12\/Promotrailer-XL-min.jpg\" alt class=\"img-responsive wp-image-2497\" srcset=\"https:\/\/rollingunit.us\/wp-content\/uploads\/2024\/12\/Promotrailer-XL-min-200x113.jpg 200w, https:\/\/rollingunit.us\/wp-content\/uploads\/2024\/12\/Promotrailer-XL-min-400x225.jpg 400w, https:\/\/rollingunit.us\/wp-content\/uploads\/2024\/12\/Promotrailer-XL-min-600x338.jpg 600w, https:\/\/rollingunit.us\/wp-content\/uploads\/2024\/12\/Promotrailer-XL-min-800x450.jpg 800w, https:\/\/rollingunit.us\/wp-content\/uploads\/2024\/12\/Promotrailer-XL-min-1200x675.jpg 1200w, https:\/\/rollingunit.us\/wp-content\/uploads\/2024\/12\/Promotrailer-XL-min.jpg 1920w\" sizes=\"(max-width: 640px) 100vw, 400px\" \/><\/span><\/div><div class=\"fusion-title title fusion-title-2 fusion-sep-none fusion-title-text fusion-title-size-four\" style=\"--awb-text-color:var(--awb-color5);--awb-margin-top:15px;--awb-margin-right:20px;--awb-margin-bottom:10px;--awb-margin-left:20px;--awb-margin-right-small:20px;--awb-margin-left-small:20px;--awb-sep-color:var(--awb-color6);--awb-font-size:20px;\"><h4 class=\"fusion-title-heading title-heading-left fusion-responsive-typography-calculated\" style=\"font-family:&quot;Montserrat&quot;;font-style:normal;font-weight:600;margin:0;font-size:1em;--fontSize:20;line-height:var(--awb-typography1-line-height);\">Promotrailer XL<\/h4><\/div><div class=\"fusion-text fusion-text-1\" style=\"--awb-margin-right:20px;--awb-margin-left:20px;\"><p>El remolque Rolling Unit XL es la versi\u00f3n de tama\u00f1o completo con aproximadamente 300 pies cuadrados de espacio y un dise\u00f1o hermoso y moderno, desarrollado espec\u00edficamente para la industria de la promoci\u00f3n.<\/p>\n<\/div><\/div><\/div><div class=\"fusion-layout-column fusion_builder_column fusion-builder-column-2 fusion_builder_column_1_3 1_3 fusion-flex-column fusion-column-inner-bg-wrapper\" style=\"--awb-inner-bg-size:cover;--awb-border-color:var(--awb-color6);--awb-border-top:0px;--awb-border-right:0px;--awb-border-bottom:7px;--awb-border-left:0px;--awb-border-style:solid;--awb-width-large:33.333333333333%;--awb-margin-top-large:0px;--awb-spacing-right-large:5.76%;--awb-margin-bottom-large:60px;--awb-spacing-left-large:5.76%;--awb-width-medium:33.333333333333%;--awb-order-medium:0;--awb-spacing-right-medium:5.76%;--awb-spacing-left-medium:5.76%;--awb-width-small:100%;--awb-order-small:0;--awb-spacing-right-small:1.92%;--awb-spacing-left-small:1.92%;\" data-scroll-devices=\"small-visibility,medium-visibility,large-visibility\"><span class=\"fusion-column-inner-bg hover-type-none\"><a class=\"fusion-column-anchor\" href=\"https:\/\/rollingunit.us\/es\/promocion-y-eventos\/promotruck-xl\/\"><span class=\"fusion-column-inner-bg-image\"><\/span><\/a><\/span><div class=\"fusion-column-wrapper fusion-column-has-shadow fusion-flex-justify-content-flex-start fusion-content-layout-column\"><div class=\"fusion-image-element \" style=\"--awb-caption-title-font-family:var(--h2_typography-font-family);--awb-caption-title-font-weight:var(--h2_typography-font-weight);--awb-caption-title-font-style:var(--h2_typography-font-style);--awb-caption-title-size:var(--h2_typography-font-size);--awb-caption-title-transform:var(--h2_typography-text-transform);--awb-caption-title-line-height:var(--h2_typography-line-height);--awb-caption-title-letter-spacing:var(--h2_typography-letter-spacing);\"><span class=\" fusion-imageframe imageframe-none imageframe-2 hover-type-none\"><img decoding=\"async\" width=\"1920\" height=\"1080\" title=\"Promotruck (XL)\" src=\"https:\/\/rollingunit.us\/wp-content\/uploads\/2024\/10\/Promotion-1-XL-truck.jpg\" alt class=\"img-responsive wp-image-2031\" srcset=\"https:\/\/rollingunit.us\/wp-content\/uploads\/2024\/10\/Promotion-1-XL-truck-200x113.jpg 200w, https:\/\/rollingunit.us\/wp-content\/uploads\/2024\/10\/Promotion-1-XL-truck-400x225.jpg 400w, https:\/\/rollingunit.us\/wp-content\/uploads\/2024\/10\/Promotion-1-XL-truck-600x338.jpg 600w, https:\/\/rollingunit.us\/wp-content\/uploads\/2024\/10\/Promotion-1-XL-truck-800x450.jpg 800w, https:\/\/rollingunit.us\/wp-content\/uploads\/2024\/10\/Promotion-1-XL-truck-1200x675.jpg 1200w, https:\/\/rollingunit.us\/wp-content\/uploads\/2024\/10\/Promotion-1-XL-truck.jpg 1920w\" sizes=\"(max-width: 640px) 100vw, 400px\" \/><\/span><\/div><div class=\"fusion-title title fusion-title-3 fusion-sep-none fusion-title-text fusion-title-size-four\" style=\"--awb-text-color:var(--awb-color5);--awb-margin-top:15px;--awb-margin-right:20px;--awb-margin-bottom:10px;--awb-margin-left:20px;--awb-margin-right-small:20px;--awb-margin-left-small:20px;--awb-sep-color:var(--awb-color6);--awb-font-size:20px;\"><h4 class=\"fusion-title-heading title-heading-left fusion-responsive-typography-calculated\" style=\"font-family:&quot;Montserrat&quot;;font-style:normal;font-weight:600;margin:0;font-size:1em;--fontSize:20;line-height:var(--awb-typography1-line-height);\">Promotruck XL<\/h4><\/div><div class=\"fusion-text fusion-text-2\" style=\"--awb-margin-right:20px;--awb-margin-left:20px;\"><p>El cami\u00f3n Rolling Unit XL es la versi\u00f3n m\u00e1s grande de nuestra l\u00ednea. Ofrece aproximadamente 355 pies cuadrados de espacio expandido.<\/p>\n<\/div><\/div><\/div><div class=\"fusion-layout-column fusion_builder_column fusion-builder-column-3 fusion_builder_column_1_3 1_3 fusion-flex-column fusion-column-inner-bg-wrapper\" style=\"--awb-inner-bg-size:cover;--awb-border-color:var(--awb-color6);--awb-border-top:0px;--awb-border-right:0px;--awb-border-bottom:7px;--awb-border-left:0px;--awb-border-style:solid;--awb-width-large:33.333333333333%;--awb-margin-top-large:0px;--awb-spacing-right-large:5.76%;--awb-margin-bottom-large:60px;--awb-spacing-left-large:5.76%;--awb-width-medium:33.333333333333%;--awb-order-medium:0;--awb-spacing-right-medium:5.76%;--awb-spacing-left-medium:5.76%;--awb-width-small:100%;--awb-order-small:0;--awb-spacing-right-small:1.92%;--awb-spacing-left-small:1.92%;\" data-scroll-devices=\"small-visibility,medium-visibility,large-visibility\"><span class=\"fusion-column-inner-bg hover-type-none\"><a class=\"fusion-column-anchor\" href=\"https:\/\/rollingunit.us\/es\/promocion-y-eventos\/promotrailer-l\/\"><span class=\"fusion-column-inner-bg-image\"><\/span><\/a><\/span><div class=\"fusion-column-wrapper fusion-column-has-shadow fusion-flex-justify-content-flex-start fusion-content-layout-column\"><div class=\"fusion-image-element \" style=\"--awb-caption-title-font-family:var(--h2_typography-font-family);--awb-caption-title-font-weight:var(--h2_typography-font-weight);--awb-caption-title-font-style:var(--h2_typography-font-style);--awb-caption-title-size:var(--h2_typography-font-size);--awb-caption-title-transform:var(--h2_typography-text-transform);--awb-caption-title-line-height:var(--h2_typography-line-height);--awb-caption-title-letter-spacing:var(--h2_typography-letter-spacing);\"><span class=\" fusion-imageframe imageframe-none imageframe-3 hover-type-none\"><img decoding=\"async\" width=\"1500\" height=\"844\" title=\"Promotrailer (L)\" src=\"https:\/\/rollingunit.us\/wp-content\/uploads\/2024\/12\/Promotrailer-L.jpg\" alt class=\"img-responsive wp-image-2504\" srcset=\"https:\/\/rollingunit.us\/wp-content\/uploads\/2024\/12\/Promotrailer-L-200x113.jpg 200w, https:\/\/rollingunit.us\/wp-content\/uploads\/2024\/12\/Promotrailer-L-400x225.jpg 400w, https:\/\/rollingunit.us\/wp-content\/uploads\/2024\/12\/Promotrailer-L-600x338.jpg 600w, https:\/\/rollingunit.us\/wp-content\/uploads\/2024\/12\/Promotrailer-L-800x450.jpg 800w, https:\/\/rollingunit.us\/wp-content\/uploads\/2024\/12\/Promotrailer-L-1200x675.jpg 1200w, https:\/\/rollingunit.us\/wp-content\/uploads\/2024\/12\/Promotrailer-L.jpg 1500w\" sizes=\"(max-width: 640px) 100vw, 400px\" \/><\/span><\/div><div class=\"fusion-title title fusion-title-4 fusion-sep-none fusion-title-text fusion-title-size-four\" style=\"--awb-text-color:var(--awb-color5);--awb-margin-top:15px;--awb-margin-right:20px;--awb-margin-bottom:10px;--awb-margin-left:20px;--awb-margin-right-small:20px;--awb-margin-left-small:20px;--awb-sep-color:var(--awb-color6);--awb-font-size:20px;\"><h4 class=\"fusion-title-heading title-heading-left fusion-responsive-typography-calculated\" style=\"font-family:&quot;Montserrat&quot;;font-style:normal;font-weight:600;margin:0;font-size:1em;--fontSize:20;line-height:var(--awb-typography1-line-height);\">Promotrailer L<\/h4><\/div><div class=\"fusion-text fusion-text-3\" style=\"--awb-margin-right:20px;--awb-margin-left:20px;\"><p>El remolque Rolling Unit L ofrece aproximadamente 258 pies cuadrados y es el veh\u00edculo m\u00e1s ligero de nuestra l\u00ednea, con un peso en vac\u00edo de 9,999 lbs.<\/p>\n<\/div><\/div><\/div><div class=\"fusion-layout-column fusion_builder_column fusion-builder-column-4 fusion_builder_column_1_3 1_3 fusion-flex-column fusion-column-inner-bg-wrapper\" style=\"--awb-inner-bg-size:cover;--awb-border-color:var(--awb-color6);--awb-border-top:0px;--awb-border-right:0px;--awb-border-bottom:7px;--awb-border-left:0px;--awb-border-style:solid;--awb-width-large:33.333333333333%;--awb-margin-top-large:0px;--awb-spacing-right-large:5.76%;--awb-margin-bottom-large:60px;--awb-spacing-left-large:5.76%;--awb-width-medium:33.333333333333%;--awb-order-medium:0;--awb-spacing-right-medium:5.76%;--awb-spacing-left-medium:5.76%;--awb-width-small:100%;--awb-order-small:0;--awb-spacing-right-small:1.92%;--awb-spacing-left-small:1.92%;\" data-scroll-devices=\"small-visibility,medium-visibility,large-visibility\"><span class=\"fusion-column-inner-bg hover-type-none\"><a class=\"fusion-column-anchor\" href=\"https:\/\/rollingunit.us\/es\/promocion-y-eventos\/remolque-backstage-camerino\/\"><span class=\"fusion-column-inner-bg-image\"><\/span><\/a><\/span><div class=\"fusion-column-wrapper fusion-column-has-shadow fusion-flex-justify-content-flex-start fusion-content-layout-column\"><div class=\"fusion-image-element \" style=\"--awb-caption-title-font-family:var(--h2_typography-font-family);--awb-caption-title-font-weight:var(--h2_typography-font-weight);--awb-caption-title-font-style:var(--h2_typography-font-style);--awb-caption-title-size:var(--h2_typography-font-size);--awb-caption-title-transform:var(--h2_typography-text-transform);--awb-caption-title-line-height:var(--h2_typography-line-height);--awb-caption-title-letter-spacing:var(--h2_typography-letter-spacing);\"><span class=\" fusion-imageframe imageframe-none imageframe-4 hover-type-none\"><img decoding=\"async\" width=\"1176\" height=\"661\" src=\"https:\/\/rollingunit.us\/wp-content\/uploads\/2024\/10\/Promotion-backstage.jpg\" alt class=\"img-responsive wp-image-2058\" srcset=\"https:\/\/rollingunit.us\/wp-content\/uploads\/2024\/10\/Promotion-backstage-200x112.jpg 200w, https:\/\/rollingunit.us\/wp-content\/uploads\/2024\/10\/Promotion-backstage-400x225.jpg 400w, https:\/\/rollingunit.us\/wp-content\/uploads\/2024\/10\/Promotion-backstage-600x337.jpg 600w, https:\/\/rollingunit.us\/wp-content\/uploads\/2024\/10\/Promotion-backstage-800x450.jpg 800w, https:\/\/rollingunit.us\/wp-content\/uploads\/2024\/10\/Promotion-backstage.jpg 1176w\" sizes=\"(max-width: 640px) 100vw, 400px\" \/><\/span><\/div><div class=\"fusion-title title fusion-title-5 fusion-sep-none fusion-title-text fusion-title-size-four\" style=\"--awb-text-color:var(--awb-color5);--awb-margin-top:15px;--awb-margin-right:20px;--awb-margin-bottom:10px;--awb-margin-left:20px;--awb-margin-right-small:20px;--awb-margin-left-small:20px;--awb-sep-color:var(--awb-color6);--awb-font-size:20px;\"><h4 class=\"fusion-title-heading title-heading-left fusion-responsive-typography-calculated\" style=\"font-family:&quot;Montserrat&quot;;font-style:normal;font-weight:600;margin:0;font-size:1em;--fontSize:20;line-height:var(--awb-typography1-line-height);\">Remolque backstage \/ camerino<\/h4><\/div><div class=\"fusion-text fusion-text-4\" style=\"--awb-margin-right:20px;--awb-margin-left:20px;\"><p>Los remolques Rolling Unit son muy populares como \u00e1rea de backstage o camerino para artistas en conciertos al aire libre o en eventos donde no hay un camerino dedicado disponible.<\/p>\n<\/div><\/div><\/div><div class=\"fusion-layout-column fusion_builder_column fusion-builder-column-5 fusion_builder_column_1_3 1_3 fusion-flex-column fusion-column-inner-bg-wrapper\" style=\"--awb-inner-bg-size:cover;--awb-border-color:var(--awb-color6);--awb-border-top:0px;--awb-border-right:0px;--awb-border-bottom:7px;--awb-border-left:0px;--awb-border-style:solid;--awb-width-large:33.333333333333%;--awb-margin-top-large:0px;--awb-spacing-right-large:5.76%;--awb-margin-bottom-large:60px;--awb-spacing-left-large:5.76%;--awb-width-medium:33.333333333333%;--awb-order-medium:0;--awb-spacing-right-medium:5.76%;--awb-spacing-left-medium:5.76%;--awb-width-small:100%;--awb-order-small:0;--awb-spacing-right-small:1.92%;--awb-spacing-left-small:1.92%;\" data-scroll-devices=\"small-visibility,medium-visibility,large-visibility\"><span class=\"fusion-column-inner-bg hover-type-none\"><a class=\"fusion-column-anchor\" href=\"https:\/\/rollingunit.us\/es\/promocion-y-eventos\/aula-movil-y-unidad-de-entrenamiento\/\"><span class=\"fusion-column-inner-bg-image\"><\/span><\/a><\/span><div class=\"fusion-column-wrapper fusion-column-has-shadow fusion-flex-justify-content-flex-start fusion-content-layout-column\"><div class=\"fusion-image-element \" style=\"--awb-caption-title-font-family:var(--h2_typography-font-family);--awb-caption-title-font-weight:var(--h2_typography-font-weight);--awb-caption-title-font-style:var(--h2_typography-font-style);--awb-caption-title-size:var(--h2_typography-font-size);--awb-caption-title-transform:var(--h2_typography-text-transform);--awb-caption-title-line-height:var(--h2_typography-line-height);--awb-caption-title-letter-spacing:var(--h2_typography-letter-spacing);\"><span class=\" fusion-imageframe imageframe-none imageframe-5 hover-type-none\"><img decoding=\"async\" width=\"1920\" height=\"1080\" title=\"Mobile Training room\" src=\"https:\/\/rollingunit.us\/wp-content\/uploads\/2024\/12\/mobile-training-room-min.jpg\" alt class=\"img-responsive wp-image-2505\" srcset=\"https:\/\/rollingunit.us\/wp-content\/uploads\/2024\/12\/mobile-training-room-min-200x113.jpg 200w, https:\/\/rollingunit.us\/wp-content\/uploads\/2024\/12\/mobile-training-room-min-400x225.jpg 400w, https:\/\/rollingunit.us\/wp-content\/uploads\/2024\/12\/mobile-training-room-min-600x338.jpg 600w, https:\/\/rollingunit.us\/wp-content\/uploads\/2024\/12\/mobile-training-room-min-800x450.jpg 800w, https:\/\/rollingunit.us\/wp-content\/uploads\/2024\/12\/mobile-training-room-min-1200x675.jpg 1200w, https:\/\/rollingunit.us\/wp-content\/uploads\/2024\/12\/mobile-training-room-min.jpg 1920w\" sizes=\"(max-width: 640px) 100vw, 400px\" \/><\/span><\/div><div class=\"fusion-title title fusion-title-6 fusion-sep-none fusion-title-text fusion-title-size-four\" style=\"--awb-text-color:var(--awb-color5);--awb-margin-top:15px;--awb-margin-right:20px;--awb-margin-bottom:10px;--awb-margin-left:20px;--awb-margin-right-small:20px;--awb-margin-left-small:20px;--awb-sep-color:var(--awb-color6);--awb-font-size:20px;\"><h4 class=\"fusion-title-heading title-heading-left fusion-responsive-typography-calculated\" style=\"font-family:&quot;Montserrat&quot;;font-style:normal;font-weight:600;margin:0;font-size:1em;--fontSize:20;line-height:var(--awb-typography1-line-height);\">Aula M\u00f3vil y Unidad de Entrenamiento<\/h4><\/div><div class=\"fusion-text fusion-text-5\" style=\"--awb-margin-right:20px;--awb-margin-left:20px;\"><p>Los productos Rolling Unit son ideales para diversas aplicaciones como aulas de formaci\u00f3n m\u00f3vil.<\/p>\n<\/div><\/div><\/div><div class=\"fusion-layout-column fusion_builder_column fusion-builder-column-6 fusion_builder_column_1_3 1_3 fusion-flex-column fusion-column-inner-bg-wrapper\" style=\"--awb-inner-bg-size:cover;--awb-border-color:var(--awb-color6);--awb-border-top:0px;--awb-border-right:0px;--awb-border-bottom:7px;--awb-border-left:0px;--awb-border-style:solid;--awb-width-large:33.333333333333%;--awb-margin-top-large:0px;--awb-spacing-right-large:5.76%;--awb-margin-bottom-large:60px;--awb-spacing-left-large:5.76%;--awb-width-medium:33.333333333333%;--awb-order-medium:0;--awb-spacing-right-medium:5.76%;--awb-spacing-left-medium:5.76%;--awb-width-small:100%;--awb-order-small:0;--awb-spacing-right-small:1.92%;--awb-spacing-left-small:1.92%;\" data-scroll-devices=\"small-visibility,medium-visibility,large-visibility\"><span class=\"fusion-column-inner-bg hover-type-none\"><a class=\"fusion-column-anchor\" href=\"https:\/\/rollingunit.us\/es\/promocion-y-eventos\/catering-movil\/\"><span class=\"fusion-column-inner-bg-image\"><\/span><\/a><\/span><div class=\"fusion-column-wrapper fusion-column-has-shadow fusion-flex-justify-content-flex-start fusion-content-layout-column\"><div class=\"fusion-image-element \" style=\"--awb-caption-title-font-family:var(--h2_typography-font-family);--awb-caption-title-font-weight:var(--h2_typography-font-weight);--awb-caption-title-font-style:var(--h2_typography-font-style);--awb-caption-title-size:var(--h2_typography-font-size);--awb-caption-title-transform:var(--h2_typography-text-transform);--awb-caption-title-line-height:var(--h2_typography-line-height);--awb-caption-title-letter-spacing:var(--h2_typography-letter-spacing);\"><span class=\" fusion-imageframe imageframe-none imageframe-6 hover-type-none\"><img decoding=\"async\" width=\"1920\" height=\"1080\" title=\"Mobile catering\" src=\"https:\/\/rollingunit.us\/wp-content\/uploads\/2024\/12\/mobile-catering-min.jpg\" alt class=\"img-responsive wp-image-2506\" srcset=\"https:\/\/rollingunit.us\/wp-content\/uploads\/2024\/12\/mobile-catering-min-200x113.jpg 200w, https:\/\/rollingunit.us\/wp-content\/uploads\/2024\/12\/mobile-catering-min-400x225.jpg 400w, https:\/\/rollingunit.us\/wp-content\/uploads\/2024\/12\/mobile-catering-min-600x338.jpg 600w, https:\/\/rollingunit.us\/wp-content\/uploads\/2024\/12\/mobile-catering-min-800x450.jpg 800w, https:\/\/rollingunit.us\/wp-content\/uploads\/2024\/12\/mobile-catering-min-1200x675.jpg 1200w, https:\/\/rollingunit.us\/wp-content\/uploads\/2024\/12\/mobile-catering-min.jpg 1920w\" sizes=\"(max-width: 640px) 100vw, 400px\" \/><\/span><\/div><div class=\"fusion-title title fusion-title-7 fusion-sep-none fusion-title-text fusion-title-size-four\" style=\"--awb-text-color:var(--awb-color5);--awb-margin-top:15px;--awb-margin-right:20px;--awb-margin-bottom:10px;--awb-margin-left:20px;--awb-margin-right-small:20px;--awb-margin-left-small:20px;--awb-sep-color:var(--awb-color6);--awb-font-size:20px;\"><h4 class=\"fusion-title-heading title-heading-left fusion-responsive-typography-calculated\" style=\"font-family:&quot;Montserrat&quot;;font-style:normal;font-weight:600;margin:0;font-size:1em;--fontSize:20;line-height:var(--awb-typography1-line-height);\">Catering M\u00f3vil<\/h4><\/div><div class=\"fusion-text fusion-text-6\" style=\"--awb-margin-right:20px;--awb-margin-left:20px;\"><p>La expansi\u00f3n desplegable permite almacenar todo el equipo de cocina fijado en el centro, en un dise\u00f1o de isla de cocina.<\/p>\n<\/div><\/div><\/div><\/div><\/div><\/p>\n","protected":false},"excerpt":{"rendered":"","protected":false},"author":2,"featured_media":0,"parent":0,"menu_order":0,"comment_status":"closed","ping_status":"closed","template":"100-width.php","meta":{"footnotes":""},"class_list":["post-2784","page","type-page","status-publish","hentry"],"_links":{"self":[{"href":"https:\/\/rollingunit.us\/es\/wp-json\/wp\/v2\/pages\/2784","targetHints":{"allow":["GET"]}}],"collection":[{"href":"https:\/\/rollingunit.us\/es\/wp-json\/wp\/v2\/pages"}],"about":[{"href":"https:\/\/rollingunit.us\/es\/wp-json\/wp\/v2\/types\/page"}],"author":[{"embeddable":true,"href":"https:\/\/rollingunit.us\/es\/wp-json\/wp\/v2\/users\/2"}],"replies":[{"embeddable":true,"href":"https:\/\/rollingunit.us\/es\/wp-json\/wp\/v2\/comments?post=2784"}],"version-history":[{"count":13,"href":"https:\/\/rollingunit.us\/es\/wp-json\/wp\/v2\/pages\/2784\/revisions"}],"predecessor-version":[{"id":3547,"href":"https:\/\/rollingunit.us\/es\/wp-json\/wp\/v2\/pages\/2784\/revisions\/3547"}],"wp:attachment":[{"href":"https:\/\/rollingunit.us\/es\/wp-json\/wp\/v2\/media?parent=2784"}],"curies":[{"name":"wp","href":"https:\/\/api.w.org\/{rel}","templated":true}]}}