{"id":2772,"date":"2024-10-04T10:53:00","date_gmt":"2024-10-04T07:53:00","guid":{"rendered":"https:\/\/rollingunit.us\/expedition-vechicle\/"},"modified":"2025-02-20T16:51:01","modified_gmt":"2025-02-20T14:51:01","slug":"vehiculo-de-expedicion","status":"publish","type":"page","link":"https:\/\/rollingunit.us\/es\/vehiculo-de-expedicion\/","title":{"rendered":"Veh\u00edculo de expedici\u00f3n"},"content":{"rendered":"<p><div class=\"fusion-fullwidth fullwidth-box fusion-builder-row-1 fusion-flex-container has-pattern-background has-mask-background fusion-parallax-none nonhundred-percent-fullwidth non-hundred-percent-height-scrolling\" style=\"--awb-background-position:right bottom;--awb-border-radius-top-left:0px;--awb-border-radius-top-right:0px;--awb-border-radius-bottom-right:0px;--awb-border-radius-bottom-left:0px;--awb-background-image:url(&quot;https:\/\/rollingunit.us\/wp-content\/uploads\/2024\/12\/bg-expedition.png&quot;);--awb-background-size:cover;--awb-flex-wrap:wrap;\" ><div class=\"fusion-builder-row fusion-row fusion-flex-align-items-stretch fusion-flex-content-wrap\" style=\"max-width:1248px;margin-left: calc(-4% \/ 2 );margin-right: calc(-4% \/ 2 );\"><div class=\"fusion-layout-column fusion_builder_column fusion-builder-column-0 fusion_builder_column_2_5 2_5 fusion-flex-column\" style=\"--awb-padding-top-small:50px;--awb-bg-size:cover;--awb-width-large:40%;--awb-margin-top-large:0px;--awb-spacing-right-large:4.8%;--awb-margin-bottom-large:0px;--awb-spacing-left-large:4.8%;--awb-width-medium:40%;--awb-order-medium:0;--awb-spacing-right-medium:4.8%;--awb-spacing-left-medium:4.8%;--awb-width-small:100%;--awb-order-small:0;--awb-spacing-right-small:1.92%;--awb-spacing-left-small:1.92%;\" data-scroll-devices=\"small-visibility,medium-visibility,large-visibility\"><div class=\"fusion-column-wrapper fusion-column-has-shadow fusion-flex-justify-content-center fusion-content-layout-column\"><div class=\"fusion-title title fusion-title-1 fusion-no-small-visibility fusion-sep-none fusion-title-text fusion-title-size-one\" style=\"--awb-text-color:var(--awb-custom_color_4);--awb-font-size:55px;\"><h1 class=\"fusion-title-heading title-heading-right fusion-responsive-typography-calculated\" style=\"margin:0;font-size:1em;--fontSize:55;line-height:1;\">Veh\u00edculo de expedici\u00f3n<\/h1><\/div><div class=\"fusion-title title fusion-title-2 fusion-no-medium-visibility fusion-no-large-visibility fusion-sep-none fusion-title-text fusion-title-size-one\" style=\"--awb-text-color:var(--awb-color1);--awb-font-size:55px;\"><h1 class=\"fusion-title-heading title-heading-right fusion-responsive-typography-calculated\" style=\"margin:0;font-size:1em;--fontSize:55;line-height:1;\">Veh\u00edculo de expedici\u00f3n<\/h1><\/div><div class=\"fusion-text fusion-text-1\"><p style=\"text-align: right;\">El veh\u00edculo de expedici\u00f3n Rolling Unit, basado en la versi\u00f3n Iveco Daily 4&#215;4 (7,2 toneladas), combina un rendimiento robusto con un lujo excepcional para crear el veh\u00edculo todoterreno definitivo para exploradores, aventureros y familias.<\/p>\n<\/div><\/div><\/div><div class=\"fusion-layout-column fusion_builder_column fusion-builder-column-1 fusion_builder_column_3_5 3_5 fusion-flex-column\" style=\"--awb-padding-top:50px;--awb-padding-bottom:50px;--awb-padding-top-small:0px;--awb-bg-position:right bottom;--awb-bg-size:cover;--awb-width-large:60%;--awb-margin-top-large:0px;--awb-spacing-right-large:3.2%;--awb-margin-bottom-large:0px;--awb-spacing-left-large:3.2%;--awb-width-medium:60%;--awb-order-medium:0;--awb-spacing-right-medium:3.2%;--awb-spacing-left-medium:3.2%;--awb-width-small:100%;--awb-order-small:0;--awb-spacing-right-small:1.92%;--awb-spacing-left-small:1.92%;\" data-scroll-devices=\"small-visibility,medium-visibility,large-visibility\"><div class=\"fusion-column-wrapper fusion-column-has-shadow fusion-flex-justify-content-center fusion-content-layout-column\"><div class=\"fusion-image-element \" style=\"text-align:right;--awb-caption-title-font-family:var(--h2_typography-font-family);--awb-caption-title-font-weight:var(--h2_typography-font-weight);--awb-caption-title-font-style:var(--h2_typography-font-style);--awb-caption-title-size:var(--h2_typography-font-size);--awb-caption-title-transform:var(--h2_typography-text-transform);--awb-caption-title-line-height:var(--h2_typography-line-height);--awb-caption-title-letter-spacing:var(--h2_typography-letter-spacing);\"><span class=\" fusion-imageframe imageframe-none imageframe-1 hover-type-none\"><img decoding=\"async\" width=\"1920\" height=\"1080\" title=\"XL truck\" src=\"https:\/\/rollingunit.us\/wp-content\/uploads\/2024\/12\/xl-truck-main-min.jpg\" alt class=\"img-responsive wp-image-2496\" srcset=\"https:\/\/rollingunit.us\/wp-content\/uploads\/2024\/12\/xl-truck-main-min-200x113.jpg 200w, https:\/\/rollingunit.us\/wp-content\/uploads\/2024\/12\/xl-truck-main-min-400x225.jpg 400w, https:\/\/rollingunit.us\/wp-content\/uploads\/2024\/12\/xl-truck-main-min-600x338.jpg 600w, https:\/\/rollingunit.us\/wp-content\/uploads\/2024\/12\/xl-truck-main-min-800x450.jpg 800w, https:\/\/rollingunit.us\/wp-content\/uploads\/2024\/12\/xl-truck-main-min-1200x675.jpg 1200w, https:\/\/rollingunit.us\/wp-content\/uploads\/2024\/12\/xl-truck-main-min.jpg 1920w\" sizes=\"(max-width: 640px) 100vw, 800px\" \/><\/span><\/div><\/div><\/div><\/div><\/div><div class=\"fusion-fullwidth fullwidth-box fusion-builder-row-2 fusion-flex-container has-pattern-background has-mask-background nonhundred-percent-fullwidth non-hundred-percent-height-scrolling\" style=\"--awb-border-radius-top-left:0px;--awb-border-radius-top-right:0px;--awb-border-radius-bottom-right:0px;--awb-border-radius-bottom-left:0px;--awb-padding-bottom:60px;--awb-flex-wrap:wrap;\" ><div class=\"fusion-builder-row fusion-row fusion-flex-align-items-stretch fusion-flex-content-wrap\" style=\"max-width:1248px;margin-left: calc(-4% \/ 2 );margin-right: calc(-4% \/ 2 );\"><div class=\"fusion-layout-column fusion_builder_column fusion-builder-column-2 fusion_builder_column_2_3 2_3 fusion-flex-column\" style=\"--awb-padding-top:60px;--awb-bg-size:cover;--awb-width-large:66.666666666667%;--awb-margin-top-large:0px;--awb-spacing-right-large:2.88%;--awb-margin-bottom-large:0px;--awb-spacing-left-large:2.88%;--awb-width-medium:66.666666666667%;--awb-order-medium:0;--awb-spacing-right-medium:2.88%;--awb-spacing-left-medium:2.88%;--awb-width-small:100%;--awb-order-small:0;--awb-spacing-right-small:1.92%;--awb-spacing-left-small:1.92%;\" data-scroll-devices=\"small-visibility,medium-visibility,large-visibility\"><div class=\"fusion-column-wrapper fusion-column-has-shadow fusion-flex-justify-content-flex-start fusion-content-layout-column\"><div class=\"fusion-title title fusion-title-3 fusion-sep-none fusion-title-text fusion-title-size-three\" style=\"--awb-text-color:var(--awb-color5);\"><h3 class=\"fusion-title-heading title-heading-left fusion-responsive-typography-calculated\" style=\"margin:0;--fontSize:25;line-height:var(--awb-typography1-line-height);\">Descripci\u00f3n<\/h3><\/div>\n<div class=\"fusion-text fusion-text-2\"><p><strong>Veh\u00edculo de Expedici\u00f3n Rolling Unit \u2013 El Compa\u00f1ero Todoterreno Definitivo<\/strong><\/p>\n<p>El veh\u00edculo de expedici\u00f3n Rolling Unit, basado en la versi\u00f3n Iveco Daily 4&#215;4 (7,2 toneladas), combina un rendimiento robusto con un lujo excepcional para crear el veh\u00edculo todoterreno definitivo para exploradores, aventureros y familias. Con su refugio Rolling Unit, este veh\u00edculo ofrece todas las ventajas de un veh\u00edculo de expedici\u00f3n tradicional\u2014movilidad, durabilidad y capacidad aut\u00f3noma\u2014pero con un espacio habitable expandible, comodidades de vanguardia y experiencia de grado militar para los entornos m\u00e1s exigentes.<\/p>\n<p><strong>Caracter\u00edsticas clave del Veh\u00edculo de Expedici\u00f3n Rolling Unit<\/strong><\/p>\n<ol>\n<li><strong>Refugio desplegable para un amplio espacio habitable<br \/>\n<\/strong>Los veh\u00edculos de expedici\u00f3n 4&#215;4 tradicionales suelen tener limitaciones de espacio interior debido a la necesidad de un chasis corto para maniobrar en terrenos dif\u00edciles. El sistema desplegable de Rolling Unit resuelve esto proporcionando un refugio expandible, que ofrece un amplio espacio habitable cuando est\u00e1 estacionado, mientras mantiene un dise\u00f1o compacto y maniobrable para enfrentar pendientes pronunciadas y senderos accidentados.<\/li>\n<li><strong>Cabina doble para mayor comodidad familiar<br \/>\n<\/strong>La opci\u00f3n de cabina doble garantiza que tu familia o compa\u00f1eros de viaje permanezcan c\u00f3modos y seguros dentro de la cabina de f\u00e1brica durante el trayecto. Una vez estacionado, el refugio expandible se despliega, ofreciendo suficiente espacio para que todos se relajen y disfruten del tiempo fuera de la red.<\/li>\n<\/ol>\n<div class=\"blue-read-more-container\"><div class=\"blue-read-more-content\" style=\"display: none;\"><\/p>\n<ol start=\"3\">\n<li><strong>Secci\u00f3n de descanso sobre la cabina<br \/>\n<\/strong>Para optimizar el espacio, el veh\u00edculo de expedici\u00f3n Rolling Unit cuenta con una secci\u00f3n de descanso adicional sobre la cabina. Esta zona proporciona espacio para dormir a dos personas, ofreciendo alojamiento extra sin reducir el espacio habitable principal.<\/li>\n<li><strong>Sistemas de agua aut\u00f3nomos<br \/>\n<\/strong>El veh\u00edculo de expedici\u00f3n Rolling Unit est\u00e1 equipado con tanques integrados de agua y aguas residuales, asegurando un suministro confiable durante estancias prolongadas en lugares remotos. Ya sea en un campamento o explorando, tendr\u00e1s acceso al agua sin depender de estaciones de servicio cercanas.<\/li>\n<li><strong>Energ\u00eda solar y bater\u00edas de litio para vida fuera de la red<br \/>\n<\/strong>Equipado con 3000W de energ\u00eda solar gracias a paneles instalados en las tres secciones del techo, el veh\u00edculo de expedici\u00f3n Rolling Unit est\u00e1 dise\u00f1ado para ser autosuficiente. Estos paneles se combinan con bater\u00edas de litio, que almacenan energ\u00eda de manera eficiente, asegurando el suministro necesario para luces, electrodom\u00e9sticos y dispositivos electr\u00f3nicos durante todo el viaje. Esta combinaci\u00f3n de energ\u00eda solar y almacenamiento en bater\u00edas hace que el veh\u00edculo sea perfecto para estancias prolongadas fuera de la red.<\/li>\n<li><strong>Calefacci\u00f3n di\u00e9sel para mayor confort aut\u00f3nomo<br \/>\n<\/strong>Adem\u00e1s de sus impresionantes capacidades solares, el veh\u00edculo de expedici\u00f3n Rolling Unit cuenta con un calefactor di\u00e9sel, que proporciona calefacci\u00f3n sin consumir la energ\u00eda de las bater\u00edas del veh\u00edculo. Esto garantiza un ambiente c\u00e1lido y confortable durante las noches fr\u00edas en ubicaciones remotas, lo que lo hace ideal para expediciones durante todo el a\u00f1o en diferentes climas.<\/li>\n<li><strong>Dise\u00f1o y durabilidad con experiencia de grado militar<br \/>\n<\/strong>MDSC Systems, la empresa detr\u00e1s de Rolling Unit, aporta experiencia de grado militar en el dise\u00f1o y construcci\u00f3n de estos veh\u00edculos. Con un historial en la fabricaci\u00f3n de equipos para entornos extremos y exigentes, MDSC Systems garantiza que cada veh\u00edculo Rolling Unit est\u00e9 dise\u00f1ado para soportar las condiciones m\u00e1s desafiantes, desde climas extremos hasta terrenos dif\u00edciles.<\/li>\n<li><strong>Dise\u00f1os flexibles y opciones de descanso<br \/>\n<\/strong>El veh\u00edculo de expedici\u00f3n Rolling Unit ofrece distribuciones personalizables y capacidad para alojar hasta 5 personas. Ya sea que prefieras un dise\u00f1o de planta abierta o habitaciones individuales para mayor privacidad, el interior se adapta a tus necesidades, lo que lo convierte en la opci\u00f3n perfecta para viajes en familia, expediciones en grupo o vida aut\u00f3noma a largo plazo.<\/li>\n<\/ol>\n<p><strong>Resumen<\/strong><\/p>\n<p>El veh\u00edculo de expedici\u00f3n Rolling Unit combina tecnolog\u00eda de vanguardia, artesan\u00eda superior y rendimiento todoterreno para ofrecer la soluci\u00f3n definitiva para exploradores y aventureros que buscan movilidad, comodidad y fiabilidad. Con su refugio expandible, cabina doble, sistema de energ\u00eda solar y calefacci\u00f3n aut\u00f3noma, este veh\u00edculo proporciona todo lo necesario para viajar de manera autosuficiente en lugares remotos. Respaldado por un dise\u00f1o de grado militar, est\u00e1 construido para soportar los entornos m\u00e1s duros, convirti\u00e9ndolo en el compa\u00f1ero ideal para tu pr\u00f3xima aventura.<\/p>\n<p><\/div><button class=\"blue-read-more-toggle\" data-more-text=\"Leer m\u00e1s\" data-less-text=\"Leer menos\">Leer m\u00e1s<\/button><\/div>\n<\/div><div class=\"fusion-title title fusion-title-4 fusion-sep-none fusion-title-text fusion-title-size-three\" style=\"--awb-text-color:var(--awb-color5);\"><h3 class=\"fusion-title-heading title-heading-left fusion-responsive-typography-calculated\" style=\"margin:0;--fontSize:25;line-height:var(--awb-typography1-line-height);\">Descargas<\/h3><\/div>\n<ul style=\"--awb-line-height:25.5px;--awb-icon-width:25.5px;--awb-icon-height:25.5px;--awb-icon-margin:10.5px;--awb-content-margin:36px;--awb-circlecolor:var(--awb-color5);--awb-circle-yes-font-size:13.2px;\" class=\"fusion-checklist fusion-checklist-1 fusion-checklist-default type-icons\"><li class=\"fusion-li-item\" style=\"\"><span class=\"icon-wrapper circle-yes\"><i class=\"fusion-li-icon fa-file-pdf far\" aria-hidden=\"true\"><\/i><\/span><div class=\"fusion-li-item-content\">\n<p><a href=\"https:\/\/rollingunit.us\/wp-content\/uploads\/2024\/12\/Rolling_Unit_ENG_297x180_web_08-2023.pdf\" target=\"_blank\" rel=\"noopener noreferrer\">Cat\u00e1logo de Rolling Unit (formato PDF)<\/a><\/p>\n<\/div><\/li><\/ul>\n<div style=\"text-align:left;\"><a class=\"fusion-button button-flat button-medium button-default fusion-button-default button-1 fusion-button-default-span fusion-button-default-type\" style=\"--button_text_transform:uppercase;--button_margin-top:30px;--button_margin-right:0px;--button_margin-bottom:0px;--button_margin-left:0px;\" target=\"_self\" href=\"mailto:info@rollingunit.us?subject=Consulta%20desde%20el%20sitio%20web\"><span class=\"fusion-button-text awb-button__text awb-button__text--default\">Solicitar planos u otra informaci\u00f3n<\/span><\/a><\/div>\n<\/div><\/div><\/div><\/div><div class=\"fusion-fullwidth fullwidth-box fusion-builder-row-3 fusion-flex-container has-pattern-background has-mask-background nonhundred-percent-fullwidth non-hundred-percent-height-scrolling\" style=\"--awb-border-radius-top-left:0px;--awb-border-radius-top-right:0px;--awb-border-radius-bottom-right:0px;--awb-border-radius-bottom-left:0px;--awb-padding-top:60px;--awb-padding-bottom:40px;--awb-flex-wrap:wrap;\" ><div class=\"fusion-builder-row fusion-row fusion-flex-align-items-stretch fusion-flex-justify-content-center fusion-flex-content-wrap\" style=\"max-width:1248px;margin-left: calc(-4% \/ 2 );margin-right: calc(-4% \/ 2 );\"><div class=\"fusion-layout-column fusion_builder_column fusion-builder-column-3 fusion_builder_column_1_1 1_1 fusion-flex-column\" style=\"--awb-bg-size:cover;--awb-width-large:100%;--awb-margin-top-large:0px;--awb-spacing-right-large:1.92%;--awb-margin-bottom-large:40px;--awb-spacing-left-large:1.92%;--awb-width-medium:100%;--awb-order-medium:0;--awb-spacing-right-medium:1.92%;--awb-spacing-left-medium:1.92%;--awb-width-small:100%;--awb-order-small:0;--awb-spacing-right-small:1.92%;--awb-spacing-left-small:1.92%;\" data-scroll-devices=\"small-visibility,medium-visibility,large-visibility\"><div class=\"fusion-column-wrapper fusion-column-has-shadow fusion-flex-justify-content-flex-start fusion-content-layout-column\"><div class=\"fusion-title title fusion-title-5 fusion-sep-none fusion-title-center fusion-title-text fusion-title-size-div\" style=\"--awb-text-color:var(--awb-color4);--awb-font-size:35px;\"><div class=\"fusion-title-heading title-heading-center title-heading-tag fusion-responsive-typography-calculated\" style=\"font-family:&quot;Montserrat&quot;;font-style:normal;font-weight:700;margin:0;font-size:1em;--fontSize:35;line-height:var(--awb-typography4-line-height);\">\u00bfTienes preguntas o necesitas m\u00e1s informaci\u00f3n?<\/div><\/div><div class=\"fusion-text fusion-text-3\" style=\"--awb-text-font-family:&quot;Montserrat&quot;;--awb-text-font-style:normal;--awb-text-font-weight:500;\"><p class=\"p1\" style=\"text-align: center;\">Ponte en contacto con nosotros hoy mismo. Nuestro equipo est\u00e1 aqu\u00ed para ayudarte y brindarte el apoyo que necesitas para avanzar. <\/p>\n<\/div><div style=\"text-align:center;\"><a class=\"fusion-button button-flat fusion-button-default-size button-default fusion-button-default button-2 fusion-button-default-span fusion-button-default-type\" style=\"--button_text_transform:uppercase;\" target=\"_self\" href=\"https:\/\/rollingunit.us\/es\/contacto\/\"><span class=\"fusion-button-text awb-button__text awb-button__text--default\">Nuestros contactos<\/span><\/a><\/div><\/div><\/div><\/div><\/div>\n<\/p>\n","protected":false},"excerpt":{"rendered":"","protected":false},"author":2,"featured_media":0,"parent":0,"menu_order":0,"comment_status":"closed","ping_status":"closed","template":"100-width.php","meta":{"footnotes":""},"class_list":["post-2772","page","type-page","status-publish","hentry"],"_links":{"self":[{"href":"https:\/\/rollingunit.us\/es\/wp-json\/wp\/v2\/pages\/2772","targetHints":{"allow":["GET"]}}],"collection":[{"href":"https:\/\/rollingunit.us\/es\/wp-json\/wp\/v2\/pages"}],"about":[{"href":"https:\/\/rollingunit.us\/es\/wp-json\/wp\/v2\/types\/page"}],"author":[{"embeddable":true,"href":"https:\/\/rollingunit.us\/es\/wp-json\/wp\/v2\/users\/2"}],"replies":[{"embeddable":true,"href":"https:\/\/rollingunit.us\/es\/wp-json\/wp\/v2\/comments?post=2772"}],"version-history":[{"count":3,"href":"https:\/\/rollingunit.us\/es\/wp-json\/wp\/v2\/pages\/2772\/revisions"}],"predecessor-version":[{"id":2777,"href":"https:\/\/rollingunit.us\/es\/wp-json\/wp\/v2\/pages\/2772\/revisions\/2777"}],"wp:attachment":[{"href":"https:\/\/rollingunit.us\/es\/wp-json\/wp\/v2\/media?parent=2772"}],"curies":[{"name":"wp","href":"https:\/\/api.w.org\/{rel}","templated":true}]}}