{"id":2749,"date":"2024-10-04T11:03:04","date_gmt":"2024-10-04T08:03:04","guid":{"rendered":"https:\/\/rollingunit.us\/custom-solution\/"},"modified":"2025-02-20T16:29:34","modified_gmt":"2025-02-20T14:29:34","slug":"solucion-a-medida","status":"publish","type":"page","link":"https:\/\/rollingunit.us\/es\/solucion-a-medida\/","title":{"rendered":"Soluci\u00f3n a medida"},"content":{"rendered":"<p><div class=\"fusion-fullwidth fullwidth-box fusion-builder-row-1 fusion-flex-container has-pattern-background has-mask-background fusion-parallax-none nonhundred-percent-fullwidth non-hundred-percent-height-scrolling\" style=\"--awb-background-position:right bottom;--awb-border-radius-top-left:0px;--awb-border-radius-top-right:0px;--awb-border-radius-bottom-right:0px;--awb-border-radius-bottom-left:0px;--awb-background-image:url(&quot;https:\/\/rollingunit.us\/wp-content\/uploads\/2024\/12\/bg-custom.png&quot;);--awb-background-size:cover;--awb-flex-wrap:wrap;\" ><div class=\"fusion-builder-row fusion-row fusion-flex-align-items-stretch fusion-flex-content-wrap\" style=\"max-width:1248px;margin-left: calc(-4% \/ 2 );margin-right: calc(-4% \/ 2 );\"><div class=\"fusion-layout-column fusion_builder_column fusion-builder-column-0 fusion_builder_column_2_5 2_5 fusion-flex-column\" style=\"--awb-padding-top-small:50px;--awb-bg-size:cover;--awb-width-large:40%;--awb-margin-top-large:0px;--awb-spacing-right-large:4.8%;--awb-margin-bottom-large:0px;--awb-spacing-left-large:4.8%;--awb-width-medium:40%;--awb-order-medium:0;--awb-spacing-right-medium:4.8%;--awb-spacing-left-medium:4.8%;--awb-width-small:100%;--awb-order-small:0;--awb-spacing-right-small:1.92%;--awb-spacing-left-small:1.92%;\" data-scroll-devices=\"small-visibility,medium-visibility,large-visibility\"><div class=\"fusion-column-wrapper fusion-column-has-shadow fusion-flex-justify-content-center fusion-content-layout-column\"><div class=\"fusion-title title fusion-title-1 fusion-no-small-visibility fusion-sep-none fusion-title-text fusion-title-size-one\" style=\"--awb-text-color:var(--awb-custom_color_6);--awb-font-size:55px;\"><h1 class=\"fusion-title-heading title-heading-right fusion-responsive-typography-calculated\" style=\"margin:0;font-size:1em;--fontSize:55;line-height:1;\">Soluci\u00f3n a medida<\/h1><\/div><div class=\"fusion-title title fusion-title-2 fusion-no-medium-visibility fusion-no-large-visibility fusion-sep-none fusion-title-text fusion-title-size-one\" style=\"--awb-text-color:var(--awb-color1);--awb-font-size:55px;\"><h1 class=\"fusion-title-heading title-heading-right fusion-responsive-typography-calculated\" style=\"margin:0;font-size:1em;--fontSize:55;line-height:1;\">Soluci\u00f3n a medida<\/h1><\/div><div class=\"fusion-text fusion-text-1\"><p style=\"text-align: right;\">En Rolling Unit, nos destacamos en la creaci\u00f3n de soluciones personalizadas que se adaptan a una amplia variedad de necesidades. Con a\u00f1os de experiencia en la fabricaci\u00f3n de contenedores altamente especializados para fuerzas de defensa y servicios de rescate, aplicamos esa experiencia en cada proyecto, garantizando que tu cami\u00f3n o remolque Rolling Unit se construya seg\u00fan tus especificaciones exactas.<\/p>\n<\/div><\/div><\/div><div class=\"fusion-layout-column fusion_builder_column fusion-builder-column-1 fusion_builder_column_3_5 3_5 fusion-flex-column\" style=\"--awb-padding-top:50px;--awb-padding-bottom:50px;--awb-padding-top-small:0px;--awb-bg-position:right bottom;--awb-bg-size:cover;--awb-width-large:60%;--awb-margin-top-large:0px;--awb-spacing-right-large:3.2%;--awb-margin-bottom-large:0px;--awb-spacing-left-large:3.2%;--awb-width-medium:60%;--awb-order-medium:0;--awb-spacing-right-medium:3.2%;--awb-spacing-left-medium:3.2%;--awb-width-small:100%;--awb-order-small:0;--awb-spacing-right-small:1.92%;--awb-spacing-left-small:1.92%;\" data-scroll-devices=\"small-visibility,medium-visibility,large-visibility\"><div class=\"fusion-column-wrapper fusion-column-has-shadow fusion-flex-justify-content-center fusion-content-layout-column\"><div class=\"fusion-image-element \" style=\"text-align:right;--awb-caption-title-font-family:var(--h2_typography-font-family);--awb-caption-title-font-weight:var(--h2_typography-font-weight);--awb-caption-title-font-style:var(--h2_typography-font-style);--awb-caption-title-size:var(--h2_typography-font-size);--awb-caption-title-transform:var(--h2_typography-text-transform);--awb-caption-title-line-height:var(--h2_typography-line-height);--awb-caption-title-letter-spacing:var(--h2_typography-letter-spacing);\"><span class=\" fusion-imageframe imageframe-none imageframe-1 hover-type-none\"><img decoding=\"async\" width=\"1500\" height=\"844\" title=\"ME Measuring Truck\" src=\"https:\/\/rollingunit.us\/wp-content\/uploads\/2024\/12\/me-measuring-truck.jpg\" alt class=\"img-responsive wp-image-2434\" srcset=\"https:\/\/rollingunit.us\/wp-content\/uploads\/2024\/12\/me-measuring-truck-200x113.jpg 200w, https:\/\/rollingunit.us\/wp-content\/uploads\/2024\/12\/me-measuring-truck-400x225.jpg 400w, https:\/\/rollingunit.us\/wp-content\/uploads\/2024\/12\/me-measuring-truck-600x338.jpg 600w, https:\/\/rollingunit.us\/wp-content\/uploads\/2024\/12\/me-measuring-truck-800x450.jpg 800w, https:\/\/rollingunit.us\/wp-content\/uploads\/2024\/12\/me-measuring-truck-1200x675.jpg 1200w, https:\/\/rollingunit.us\/wp-content\/uploads\/2024\/12\/me-measuring-truck.jpg 1500w\" sizes=\"(max-width: 640px) 100vw, 800px\" \/><\/span><\/div><\/div><\/div><\/div><\/div><div class=\"fusion-fullwidth fullwidth-box fusion-builder-row-2 fusion-flex-container has-pattern-background has-mask-background nonhundred-percent-fullwidth non-hundred-percent-height-scrolling\" style=\"--awb-border-radius-top-left:0px;--awb-border-radius-top-right:0px;--awb-border-radius-bottom-right:0px;--awb-border-radius-bottom-left:0px;--awb-padding-bottom:60px;--awb-flex-wrap:wrap;\" ><div class=\"fusion-builder-row fusion-row fusion-flex-align-items-stretch fusion-flex-content-wrap\" style=\"max-width:1248px;margin-left: calc(-4% \/ 2 );margin-right: calc(-4% \/ 2 );\"><div class=\"fusion-layout-column fusion_builder_column fusion-builder-column-2 fusion_builder_column_2_3 2_3 fusion-flex-column\" style=\"--awb-padding-top:60px;--awb-bg-size:cover;--awb-width-large:66.666666666667%;--awb-margin-top-large:0px;--awb-spacing-right-large:2.88%;--awb-margin-bottom-large:0px;--awb-spacing-left-large:2.88%;--awb-width-medium:66.666666666667%;--awb-order-medium:0;--awb-spacing-right-medium:2.88%;--awb-spacing-left-medium:2.88%;--awb-width-small:100%;--awb-order-small:0;--awb-spacing-right-small:1.92%;--awb-spacing-left-small:1.92%;\" data-scroll-devices=\"small-visibility,medium-visibility,large-visibility\"><div class=\"fusion-column-wrapper fusion-column-has-shadow fusion-flex-justify-content-flex-start fusion-content-layout-column\"><div class=\"fusion-title title fusion-title-3 fusion-sep-none fusion-title-text fusion-title-size-three\" style=\"--awb-text-color:var(--awb-color5);\"><h3 class=\"fusion-title-heading title-heading-left fusion-responsive-typography-calculated\" style=\"margin:0;--fontSize:25;line-height:var(--awb-typography1-line-height);\">Descripci\u00f3n<\/h3><\/div>\n<div class=\"fusion-text fusion-text-2\"><p data-start=\"0\" data-end=\"61\"><strong data-start=\"0\" data-end=\"59\">Soluciones personalizadas \u2013 Adaptadas a tus necesidades<\/strong><\/p>\n<p data-start=\"63\" data-end=\"471\">En Rolling Unit, nos especializamos en la creaci\u00f3n de soluciones personalizadas que se ajustan a una amplia variedad de requisitos. Con a\u00f1os de experiencia en la fabricaci\u00f3n de contenedores altamente especializados para fuerzas de defensa y servicios de rescate, aplicamos esa experiencia en cada proyecto, garantizando que tu cami\u00f3n o remolque Rolling Unit se construya seg\u00fan tus especificaciones exactas.<\/p>\n<p data-start=\"473\" data-end=\"508\"><strong data-start=\"477\" data-end=\"506\">Lo que podemos construir:<\/strong><\/p>\n<ul>\n<li data-start=\"510\" data-end=\"649\"><strong data-start=\"512\" data-end=\"542\">Distribuciones interiores:<\/strong> Dise\u00f1os personalizados para un uso \u00f3ptimo del espacio, ofreciendo flexibilidad para cualquier prop\u00f3sito.<\/li>\n<li data-start=\"651\" data-end=\"830\"><strong data-start=\"653\" data-end=\"691\">Sistemas el\u00e9ctricos y de plomer\u00eda:<\/strong> Integraci\u00f3n completa de sistemas el\u00e9ctricos, plomer\u00eda, calefacci\u00f3n, refrigeraci\u00f3n y ventilaci\u00f3n, adaptados a tus necesidades operativas.<\/li>\n<li data-start=\"832\" data-end=\"1014\"><strong data-start=\"834\" data-end=\"874\">Electr\u00f3nica avanzada y comunicaci\u00f3n:<\/strong> Instalaci\u00f3n de sistemas tecnol\u00f3gicos de \u00faltima generaci\u00f3n para comunicaci\u00f3n, seguridad o cualquier otro equipo electr\u00f3nico especializado.<\/li>\n<li data-start=\"1016\" data-end=\"1270\"><strong data-start=\"1018\" data-end=\"1045\">Equipamiento adicional:<\/strong> Ya sea que necesites instalaciones de taller, equipo m\u00e9dico o estaciones de investigaci\u00f3n, podemos equipar tu Rolling Unit con las herramientas y tecnolog\u00edas necesarias para hacerlo funcional y eficaz en cualquier entorno.<\/li>\n<\/ul>\n<p data-start=\"1272\" data-end=\"1336\"><strong data-start=\"1276\" data-end=\"1334\">Posibilidades infinitas para soluciones personalizadas<\/strong><\/p>\n<p data-start=\"1338\" data-end=\"1674\">Desde laboratorios m\u00f3viles hasta veh\u00edculos completamente equipados para medios o investigaci\u00f3n, el Rolling Unit se puede personalizar para satisfacer las necesidades de cualquier sector. Nos enfocamos en dise\u00f1ar veh\u00edculos que brinden funcionalidad total y comodidad, garantizando fiabilidad y eficiencia dondequiera que los necesites.<\/p>\n<p data-start=\"1676\" data-end=\"1720\"><strong data-start=\"1680\" data-end=\"1718\">Opciones de chasis personalizables<\/strong><\/p>\n<p data-start=\"1722\" data-end=\"2069\" data-is-last-node=\"\" data-is-only-node=\"\">Gracias a la construcci\u00f3n tipo contenedor, se pueden utilizar diferentes opciones de chasis para adaptarse a diversos requisitos, ya sea para veh\u00edculos de mayor capacidad, capacidades todoterreno o necesidades espec\u00edficas de tama\u00f1o y peso. Podemos crear la soluci\u00f3n perfecta para tus operaciones, sin importar el terreno o el alcance del proyecto.<\/p>\n<\/div><div class=\"fusion-title title fusion-title-4 fusion-sep-none fusion-title-text fusion-title-size-three\" style=\"--awb-text-color:var(--awb-color5);\"><h3 class=\"fusion-title-heading title-heading-left fusion-responsive-typography-calculated\" style=\"margin:0;--fontSize:25;line-height:var(--awb-typography1-line-height);\">Descargas<\/h3><\/div>\n<ul style=\"--awb-line-height:25.5px;--awb-icon-width:25.5px;--awb-icon-height:25.5px;--awb-icon-margin:10.5px;--awb-content-margin:36px;--awb-circlecolor:var(--awb-color5);--awb-circle-yes-font-size:13.2px;\" class=\"fusion-checklist fusion-checklist-1 fusion-checklist-default type-icons\"><li class=\"fusion-li-item\" style=\"\"><span class=\"icon-wrapper circle-yes\"><i class=\"fusion-li-icon fa-file-pdf far\" aria-hidden=\"true\"><\/i><\/span><div class=\"fusion-li-item-content\">\n<p><a href=\"https:\/\/rollingunit.us\/wp-content\/uploads\/2024\/12\/Rolling_Unit_ENG_297x180_web_08-2023.pdf\" target=\"_blank\" rel=\"noopener noreferrer\">Cat\u00e1logo de Rolling Unit (formato PDF)<\/a><\/p>\n<\/div><\/li><\/ul>\n<div style=\"text-align:left;\"><a class=\"fusion-button button-flat button-medium button-default fusion-button-default button-1 fusion-button-default-span fusion-button-default-type\" style=\"--button_text_transform:uppercase;--button_margin-top:30px;--button_margin-right:0px;--button_margin-bottom:0px;--button_margin-left:0px;\" target=\"_self\" href=\"mailto:info@rollingunit.us?subject=Consulta%20desde%20el%20sitio%20web\"><span class=\"fusion-button-text awb-button__text awb-button__text--default\">Solicitar planos u otra informaci\u00f3n<\/span><\/a><\/div>\n<\/div><\/div><\/div><\/div><div class=\"fusion-fullwidth fullwidth-box fusion-builder-row-3 fusion-flex-container has-pattern-background has-mask-background nonhundred-percent-fullwidth non-hundred-percent-height-scrolling\" style=\"--awb-border-radius-top-left:0px;--awb-border-radius-top-right:0px;--awb-border-radius-bottom-right:0px;--awb-border-radius-bottom-left:0px;--awb-padding-top:60px;--awb-padding-bottom:40px;--awb-flex-wrap:wrap;\" ><div class=\"fusion-builder-row fusion-row fusion-flex-align-items-stretch fusion-flex-justify-content-center fusion-flex-content-wrap\" style=\"max-width:1248px;margin-left: calc(-4% \/ 2 );margin-right: calc(-4% \/ 2 );\"><div class=\"fusion-layout-column fusion_builder_column fusion-builder-column-3 fusion_builder_column_1_1 1_1 fusion-flex-column\" style=\"--awb-bg-size:cover;--awb-width-large:100%;--awb-margin-top-large:0px;--awb-spacing-right-large:1.92%;--awb-margin-bottom-large:40px;--awb-spacing-left-large:1.92%;--awb-width-medium:100%;--awb-order-medium:0;--awb-spacing-right-medium:1.92%;--awb-spacing-left-medium:1.92%;--awb-width-small:100%;--awb-order-small:0;--awb-spacing-right-small:1.92%;--awb-spacing-left-small:1.92%;\" data-scroll-devices=\"small-visibility,medium-visibility,large-visibility\"><div class=\"fusion-column-wrapper fusion-column-has-shadow fusion-flex-justify-content-flex-start fusion-content-layout-column\"><div class=\"fusion-title title fusion-title-5 fusion-sep-none fusion-title-center fusion-title-text fusion-title-size-div\" style=\"--awb-text-color:var(--awb-color4);--awb-font-size:35px;\"><div class=\"fusion-title-heading title-heading-center title-heading-tag fusion-responsive-typography-calculated\" style=\"font-family:&quot;Montserrat&quot;;font-style:normal;font-weight:700;margin:0;font-size:1em;--fontSize:35;line-height:var(--awb-typography4-line-height);\">\u00bfTienes preguntas o necesitas m\u00e1s informaci\u00f3n?<\/div><\/div><div class=\"fusion-text fusion-text-3\" style=\"--awb-text-font-family:&quot;Montserrat&quot;;--awb-text-font-style:normal;--awb-text-font-weight:500;\"><p class=\"p1\" style=\"text-align: center;\">Ponte en contacto con nosotros hoy mismo. Nuestro equipo est\u00e1 aqu\u00ed para ayudarte y brindarte el apoyo que necesitas para avanzar. <\/p>\n<\/div><div style=\"text-align:center;\"><a class=\"fusion-button button-flat fusion-button-default-size button-default fusion-button-default button-2 fusion-button-default-span fusion-button-default-type\" style=\"--button_text_transform:uppercase;\" target=\"_self\" href=\"https:\/\/rollingunit.us\/es\/contacto\/\"><span class=\"fusion-button-text awb-button__text awb-button__text--default\">Nuestros contactos<\/span><\/a><\/div><\/div><\/div><\/div><\/div>\n<\/p>\n","protected":false},"excerpt":{"rendered":"","protected":false},"author":2,"featured_media":0,"parent":0,"menu_order":0,"comment_status":"closed","ping_status":"closed","template":"100-width.php","meta":{"footnotes":""},"class_list":["post-2749","page","type-page","status-publish","hentry"],"_links":{"self":[{"href":"https:\/\/rollingunit.us\/es\/wp-json\/wp\/v2\/pages\/2749","targetHints":{"allow":["GET"]}}],"collection":[{"href":"https:\/\/rollingunit.us\/es\/wp-json\/wp\/v2\/pages"}],"about":[{"href":"https:\/\/rollingunit.us\/es\/wp-json\/wp\/v2\/types\/page"}],"author":[{"embeddable":true,"href":"https:\/\/rollingunit.us\/es\/wp-json\/wp\/v2\/users\/2"}],"replies":[{"embeddable":true,"href":"https:\/\/rollingunit.us\/es\/wp-json\/wp\/v2\/comments?post=2749"}],"version-history":[{"count":3,"href":"https:\/\/rollingunit.us\/es\/wp-json\/wp\/v2\/pages\/2749\/revisions"}],"predecessor-version":[{"id":2752,"href":"https:\/\/rollingunit.us\/es\/wp-json\/wp\/v2\/pages\/2749\/revisions\/2752"}],"wp:attachment":[{"href":"https:\/\/rollingunit.us\/es\/wp-json\/wp\/v2\/media?parent=2749"}],"curies":[{"name":"wp","href":"https:\/\/api.w.org\/{rel}","templated":true}]}}