{"id":2728,"date":"2024-07-04T14:24:46","date_gmt":"2024-07-04T11:24:46","guid":{"rendered":"https:\/\/rollingunit.us\/?page_id=2728"},"modified":"2025-02-20T15:56:50","modified_gmt":"2025-02-20T13:56:50","slug":"politica-de-privacidad","status":"publish","type":"page","link":"https:\/\/rollingunit.us\/es\/politica-de-privacidad\/","title":{"rendered":"Pol\u00edtica de privacidad"},"content":{"rendered":"<div class=\"fusion-fullwidth fullwidth-box fusion-builder-row-1 fusion-flex-container has-pattern-background has-mask-background nonhundred-percent-fullwidth non-hundred-percent-height-scrolling\" style=\"--awb-border-radius-top-left:0px;--awb-border-radius-top-right:0px;--awb-border-radius-bottom-right:0px;--awb-border-radius-bottom-left:0px;--awb-padding-top:60px;--awb-padding-bottom:40px;--awb-flex-wrap:wrap;\" ><div class=\"fusion-builder-row fusion-row fusion-flex-align-items-stretch fusion-flex-justify-content-center fusion-flex-content-wrap\" style=\"max-width:1248px;margin-left: calc(-4% \/ 2 );margin-right: calc(-4% \/ 2 );\"><div class=\"fusion-layout-column fusion_builder_column fusion-builder-column-0 fusion_builder_column_1_1 1_1 fusion-flex-column\" style=\"--awb-bg-size:cover;--awb-width-large:100%;--awb-margin-top-large:0px;--awb-spacing-right-large:1.92%;--awb-margin-bottom-large:40px;--awb-spacing-left-large:1.92%;--awb-width-medium:100%;--awb-order-medium:0;--awb-spacing-right-medium:1.92%;--awb-spacing-left-medium:1.92%;--awb-width-small:100%;--awb-order-small:0;--awb-spacing-right-small:1.92%;--awb-spacing-left-small:1.92%;\" data-scroll-devices=\"small-visibility,medium-visibility,large-visibility\"><div class=\"fusion-column-wrapper fusion-column-has-shadow fusion-flex-justify-content-flex-start fusion-content-layout-column\"><div class=\"fusion-title title fusion-title-1 fusion-sep-none fusion-title-center fusion-title-text fusion-title-size-one\"><h1 class=\"fusion-title-heading title-heading-center fusion-responsive-typography-calculated\" style=\"margin:0;--fontSize:48;line-height:var(--awb-typography1-line-height);\">Pol\u00edtica de privacidad<\/h1><\/div><div class=\"fusion-text fusion-text-1\" style=\"--awb-text-font-family:&quot;Montserrat&quot;;--awb-text-font-style:normal;--awb-text-font-weight:500;\"><h3 data-start=\"0\" data-end=\"46\">1. PRINCIPIOS DEL PROCESAMIENTO DE DATOS<\/h3>\n<p data-start=\"48\" data-end=\"289\">Rolling Unit sigue los principios de satisfacci\u00f3n del cliente en el procesamiento de datos. El prop\u00f3sito de la recopilaci\u00f3n de datos es brindarte el mejor servicio posible y garantizar el cumplimiento de todas las relaciones contractuales.<\/p>\n<p data-start=\"291\" data-end=\"322\"><strong data-start=\"295\" data-end=\"320\">Recopilaci\u00f3n de datos<\/strong><\/p>\n<p data-start=\"324\" data-end=\"836\">1.1. Se consideran datos personales todos aquellos que nos proporcionas. Por ejemplo, nombre, n\u00famero de identificaci\u00f3n personal, correo electr\u00f3nico y otros datos de contacto.<br data-start=\"498\" data-end=\"501\" \/>1.2. La recopilaci\u00f3n de datos puede ocurrir en nuestro sitio web, por correo electr\u00f3nico, por tel\u00e9fono o al solicitar informaci\u00f3n adicional.<br data-start=\"641\" data-end=\"644\" \/>1.3. Informaci\u00f3n que recibimos cuando solicitas informaci\u00f3n adicional a trav\u00e9s de un formulario de contacto.<br data-start=\"752\" data-end=\"755\" \/>1.4. Datos que obtenemos a trav\u00e9s de cookies cuando utilizas nuestro sitio web.<\/p>\n<p data-start=\"838\" data-end=\"915\"><strong data-start=\"842\" data-end=\"913\">Uso, almacenamiento, publicaci\u00f3n y modificaci\u00f3n de datos personales<\/strong><\/p>\n<p data-start=\"917\" data-end=\"1404\">Rolling Unit procesa tu informaci\u00f3n personal \u00fanicamente para proporcionarte servicios. No transmitimos, vendemos ni divulgamos tus datos a terceros sin tu consentimiento previo, a menos que lo exija la ley (a las autoridades p\u00fablicas). Tienes derecho a recibir informaci\u00f3n de Rolling Unit sobre el uso de tus datos conforme al procedimiento y alcance previstos en la legislaci\u00f3n. En caso de datos incorrectos o desactualizados, tienes derecho a solicitar su correcci\u00f3n y actualizaci\u00f3n.<\/p>\n<p data-start=\"1406\" data-end=\"1596\">Al utilizar nuestra p\u00e1gina web, aceptas nuestra pol\u00edtica de privacidad. Nos reservamos el derecho de modificar nuestra pol\u00edtica de privacidad y notificar los cambios en nuestra p\u00e1gina web.<\/p>\n<p data-start=\"1598\" data-end=\"1750\">Para obtener m\u00e1s informaci\u00f3n sobre la pol\u00edtica de privacidad de Rolling Unit, por favor cont\u00e1ctanos por correo electr\u00f3nico a <a href=\"mailto:info@rollingunit.com\" rel=\"noopener\" data-start=\"1725\" data-end=\"1745\">info@rollingunit.com<\/a>.<\/p>\n<hr data-start=\"1752\" data-end=\"1757\" \/>\n<h3 data-start=\"1759\" data-end=\"1797\"><strong data-start=\"1759\" data-end=\"1795\">2. PRINCIPIOS DEL USO DE COOKIES<\/strong><\/h3>\n<p data-start=\"1799\" data-end=\"1823\"><strong data-start=\"1803\" data-end=\"1821\">Uso de cookies<\/strong><\/p>\n<p data-start=\"1825\" data-end=\"2046\">2.1. Los sitios web de Rolling Unit utilizan cookies para proporcionar un mejor servicio a nuestros usuarios.<br data-start=\"1934\" data-end=\"1937\" \/>2.2. Los dominios pertenecientes a Rolling Unit pueden incluir elementos que almacenan cookies de terceros.<\/p>\n<p data-start=\"2048\" data-end=\"2076\"><strong data-start=\"2052\" data-end=\"2074\">Rechazo de cookies<\/strong><\/p>\n<p data-start=\"2078\" data-end=\"2572\">2.3. El usuario tiene derecho a no permitir el almacenamiento de cookies en su computadora. Si el usuario desea rechazar las cookies, debe cambiar la configuraci\u00f3n de su navegador.<br data-start=\"2258\" data-end=\"2261\" \/>2.4. Los distintos navegadores utilizan m\u00e9todos diferentes para rechazar cookies. M\u00e1s informaci\u00f3n en <strong data-start=\"2362\" data-end=\"2432\"><a href=\"http:\/\/www.allaboutcookies.org\/\" target=\"_blank\" rel=\"noopener\" data-start=\"2364\" data-end=\"2430\">http:\/\/www.allaboutcookies.org\/<\/a><\/strong>.<br data-start=\"2433\" data-end=\"2436\" \/>2.5. El usuario debe tener en cuenta que, si bloquea las cookies, es posible que algunas funciones del sitio web no est\u00e9n disponibles.<\/p>\n<p data-start=\"2574\" data-end=\"2603\"><strong data-start=\"2578\" data-end=\"2601\">\u00bfQu\u00e9 es una cookie?<\/strong><\/p>\n<p data-start=\"2605\" data-end=\"3317\">2.6. Una cookie es un archivo de texto que los sitios web env\u00edan y almacenan en la computadora del usuario. Las cookies se guardan en el directorio de archivos del navegador del usuario. Si el usuario ha visitado previamente un sitio web, el navegador leer\u00e1 la cookie y enviar\u00e1 esta informaci\u00f3n al sitio web o al elemento que originalmente la guard\u00f3. M\u00e1s informaci\u00f3n en <strong data-start=\"2975\" data-end=\"3045\"><a href=\"http:\/\/www.allaboutcookies.org\/\" target=\"_blank\" rel=\"noopener\" data-start=\"2977\" data-end=\"3043\">http:\/\/www.allaboutcookies.org\/<\/a><\/strong>.<br data-start=\"3046\" data-end=\"3049\" \/>2.7. Las cookies permiten monitorear estad\u00edsticas sobre el uso del sitio web, la popularidad de diferentes secciones y otras interacciones en el sitio. La informaci\u00f3n obtenida se utiliza para mejorar la experiencia del usuario y optimizar el contenido del sitio web.<\/p>\n<p data-start=\"3319\" data-end=\"3372\"><strong data-start=\"3323\" data-end=\"3370\">Tipos de cookies utilizadas en el sitio web<\/strong><\/p>\n<p data-start=\"3374\" data-end=\"3947\" data-is-only-node=\"\" data-is-last-node=\"\">2.8. <strong data-start=\"3379\" data-end=\"3402\">Cookies permanentes<\/strong>: necesarias para navegar en el sitio web y utilizar su contenido. Sin estas cookies, el usuario no puede acceder a todas las funciones del sitio.<br data-start=\"3548\" data-end=\"3551\" \/>2.9. <strong data-start=\"3556\" data-end=\"3577\">Cookies de sesi\u00f3n<\/strong>: permiten que el sitio recuerde las elecciones previas del usuario (nombre de usuario, configuraci\u00f3n de idioma, etc.) y proporcionan funciones m\u00e1s eficientes y personalizadas.<br data-start=\"3753\" data-end=\"3756\" \/>2.10. <strong data-start=\"3762\" data-end=\"3788\">Cookies de seguimiento<\/strong>: recopilan datos sobre el comportamiento del usuario en el sitio web. La informaci\u00f3n obtenida con estas cookies ayuda a mejorar la facilidad de uso del sitio.<\/p>\n<\/div><\/div><\/div><\/div><\/div>\n","protected":false},"excerpt":{"rendered":"","protected":false},"author":1,"featured_media":0,"parent":0,"menu_order":0,"comment_status":"closed","ping_status":"open","template":"100-width.php","meta":{"footnotes":""},"class_list":["post-2728","page","type-page","status-publish","hentry"],"_links":{"self":[{"href":"https:\/\/rollingunit.us\/es\/wp-json\/wp\/v2\/pages\/2728","targetHints":{"allow":["GET"]}}],"collection":[{"href":"https:\/\/rollingunit.us\/es\/wp-json\/wp\/v2\/pages"}],"about":[{"href":"https:\/\/rollingunit.us\/es\/wp-json\/wp\/v2\/types\/page"}],"author":[{"embeddable":true,"href":"https:\/\/rollingunit.us\/es\/wp-json\/wp\/v2\/users\/1"}],"replies":[{"embeddable":true,"href":"https:\/\/rollingunit.us\/es\/wp-json\/wp\/v2\/comments?post=2728"}],"version-history":[{"count":4,"href":"https:\/\/rollingunit.us\/es\/wp-json\/wp\/v2\/pages\/2728\/revisions"}],"predecessor-version":[{"id":2745,"href":"https:\/\/rollingunit.us\/es\/wp-json\/wp\/v2\/pages\/2728\/revisions\/2745"}],"wp:attachment":[{"href":"https:\/\/rollingunit.us\/es\/wp-json\/wp\/v2\/media?parent=2728"}],"curies":[{"name":"wp","href":"https:\/\/api.w.org\/{rel}","templated":true}]}}