{"id":2688,"date":"2024-07-16T10:14:40","date_gmt":"2024-07-16T07:14:40","guid":{"rendered":"https:\/\/rollingunit.us\/references\/"},"modified":"2025-02-20T14:46:42","modified_gmt":"2025-02-20T12:46:42","slug":"referencias","status":"publish","type":"page","link":"https:\/\/rollingunit.us\/es\/referencias\/","title":{"rendered":"REFERENCIAS"},"content":{"rendered":"<div class=\"fusion-fullwidth fullwidth-box fusion-builder-row-1 fusion-flex-container has-pattern-background has-mask-background nonhundred-percent-fullwidth non-hundred-percent-height-scrolling\" style=\"--awb-border-radius-top-left:0px;--awb-border-radius-top-right:0px;--awb-border-radius-bottom-right:0px;--awb-border-radius-bottom-left:0px;--awb-padding-top:60px;--awb-padding-bottom:40px;--awb-flex-wrap:wrap;\" ><div class=\"fusion-builder-row fusion-row fusion-flex-align-items-stretch fusion-flex-justify-content-center fusion-flex-content-wrap\" style=\"max-width:1248px;margin-left: calc(-4% \/ 2 );margin-right: calc(-4% \/ 2 );\"><div class=\"fusion-layout-column fusion_builder_column fusion-builder-column-0 fusion_builder_column_4_5 4_5 fusion-flex-column\" style=\"--awb-bg-size:cover;--awb-width-large:80%;--awb-margin-top-large:0px;--awb-spacing-right-large:2.4%;--awb-margin-bottom-large:40px;--awb-spacing-left-large:2.4%;--awb-width-medium:80%;--awb-order-medium:0;--awb-spacing-right-medium:2.4%;--awb-spacing-left-medium:2.4%;--awb-width-small:100%;--awb-order-small:0;--awb-spacing-right-small:1.92%;--awb-spacing-left-small:1.92%;\" data-scroll-devices=\"small-visibility,medium-visibility,large-visibility\"><div class=\"fusion-column-wrapper fusion-column-has-shadow fusion-flex-justify-content-flex-start fusion-content-layout-column\"><div class=\"fusion-title title fusion-title-1 fusion-sep-none fusion-title-center fusion-title-text fusion-title-size-one\"><h1 class=\"fusion-title-heading title-heading-center fusion-responsive-typography-calculated\" style=\"margin:0;--fontSize:48;line-height:var(--awb-typography1-line-height);\">Referencias<\/h1><\/div><div class=\"fusion-text fusion-text-1\" style=\"--awb-text-font-family:&quot;Montserrat&quot;;--awb-text-font-style:normal;--awb-text-font-weight:500;\"><p style=\"text-align: center;\">Explora nuestro diverso portafolio de referencias, que muestra la implementaci\u00f3n exitosa de nuestras soluciones en una variedad de industrias. Desde proyectos innovadores hasta asociaciones de confianza, estos ejemplos destacan nuestro compromiso con la excelencia. Descubre c\u00f3mo ayudamos a nuestros clientes a alcanzar sus objetivos con precisi\u00f3n y fiabilidad.<\/p>\n<\/div><\/div><\/div><div class=\"fusion-layout-column fusion_builder_column fusion-builder-column-1 fusion_builder_column_1_1 1_1 fusion-flex-column\" style=\"--awb-bg-size:cover;--awb-width-large:100%;--awb-margin-top-large:0px;--awb-spacing-right-large:1.92%;--awb-margin-bottom-large:0px;--awb-spacing-left-large:1.92%;--awb-width-medium:100%;--awb-order-medium:0;--awb-spacing-right-medium:1.92%;--awb-spacing-left-medium:1.92%;--awb-width-small:100%;--awb-order-small:0;--awb-spacing-right-small:1.92%;--awb-spacing-left-small:1.92%;\"><div class=\"fusion-column-wrapper fusion-column-has-shadow fusion-flex-justify-content-flex-start fusion-content-layout-column\"><div class=\"fusion-post-cards fusion-post-cards-1 fusion-grid-archive fusion-grid-columns-3\" style=\"--awb-dots-align:center;--awb-columns:3;--awb-filters-color:var(--awb-color5);--awb-active-filter-border-size:3px;--awb-filters-height:36px;\"><ul class=\"fusion-grid fusion-grid-3 fusion-flex-align-items-stretch fusion-grid-posts-cards\"><li class=\"fusion-layout-column fusion_builder_column fusion-builder-column-2 fusion-flex-column post-card fusion-grid-column fusion-post-cards-grid-column\" style=\"--awb-bg-blend:overlay;--awb-bg-size:cover;--awb-border-color:var(--awb-color3);--awb-border-top:1px;--awb-border-right:1px;--awb-border-bottom:1px;--awb-border-left:1px;--awb-border-style:solid;--awb-flex-grow:0;--awb-flex-shrink:0;--awb-flex-grow-medium:0;--awb-flex-shrink-medium:0;--awb-flex-grow-small:0;--awb-flex-shrink-small:0;\" data-scroll-devices=\"small-visibility,medium-visibility,large-visibility\"><div class=\"fusion-column-wrapper fusion-column-has-shadow fusion-flex-justify-content-flex-start fusion-content-layout-column\"><div class=\"fusion-classic-product-image-wrapper fusion-woo-product-image fusion-post-card-image fusion-post-card-image-1\" data-layout=\"static\"><div  class=\"fusion-image-wrapper\" aria-haspopup=\"true\">\n\t\t\t\t\t\t\t<a href=\"https:\/\/rollingunit.us\/es\/referencias\/camion-laboratorio-movil-usda-ee-uu\/\" aria-label=\"Cami\u00f3n Laboratorio M\u00f3vil \u2013 USDA (EE. UU.)\">\n\t\t\t\t\t\t\t<img decoding=\"async\" width=\"2500\" height=\"1667\" src=\"https:\/\/rollingunit.us\/wp-content\/uploads\/2026\/03\/1-mobile-laboratory-truck-with-equipment-traile.jpg\" class=\"attachment-full size-full wp-post-image\" alt=\"Cami\u00f3n laboratorio m\u00f3vil expandible desplegado en un entorno rural con espacio de trabajo ampliado para pruebas de campo y diagn\u00f3stico.\" srcset=\"https:\/\/rollingunit.us\/wp-content\/uploads\/2026\/03\/1-mobile-laboratory-truck-with-equipment-traile-200x133.jpg 200w, https:\/\/rollingunit.us\/wp-content\/uploads\/2026\/03\/1-mobile-laboratory-truck-with-equipment-traile-400x267.jpg 400w, https:\/\/rollingunit.us\/wp-content\/uploads\/2026\/03\/1-mobile-laboratory-truck-with-equipment-traile-600x400.jpg 600w, https:\/\/rollingunit.us\/wp-content\/uploads\/2026\/03\/1-mobile-laboratory-truck-with-equipment-traile-800x533.jpg 800w, https:\/\/rollingunit.us\/wp-content\/uploads\/2026\/03\/1-mobile-laboratory-truck-with-equipment-traile-1200x800.jpg 1200w, https:\/\/rollingunit.us\/wp-content\/uploads\/2026\/03\/1-mobile-laboratory-truck-with-equipment-traile.jpg 2500w\" sizes=\"(min-width: 2200px) 100vw, (min-width: 784px) 373px, (min-width: 712px) 560px, (min-width: 640px) 712px, \" \/>\t\t\t<\/a>\n\t\t\t\t\t\t\t<\/div>\n<\/div><div class=\"fusion-title title fusion-title-2 fusion-sep-none fusion-title-text fusion-title-size-four\" style=\"--awb-margin-top:30px;--awb-margin-right:20px;--awb-margin-bottom:5px;--awb-margin-left:20px;--awb-margin-top-small:20px;--awb-margin-right-small:20px;--awb-margin-left-small:20px;\"><h4 class=\"fusion-title-heading title-heading-left fusion-responsive-typography-calculated\" style=\"margin:0;--fontSize:22;line-height:var(--awb-typography1-line-height);\">Cami\u00f3n Laboratorio M\u00f3vil \u2013 USDA (EE. UU.)<\/h4><\/div><div class=\"fusion-content-tb fusion-content-tb-1\" style=\"--awb-text-color:var(--awb-color5);--awb-margin-bottom:20px;--awb-margin-left:20px;--awb-margin-right:20px;--awb-margin-top:20px;--awb-text-transform:none;\"><p> Cami\u00f3n laboratorio m\u00f3vil expandible desarrollado para el Departamento de Agricultura de los Estados Unidos (USDA), entregado en colaboraci\u00f3n con TechOps Specialty Vehicles. Configuraci\u00f3n Espacio de laboratorio m\u00f3vil expandible con [...]<\/p><\/div><div ><a class=\"fusion-button button-flat button-small button-custom fusion-button-default button-1 fusion-button-default-span fusion-button-default-type\" style=\"--button_accent_color:var(--awb-color1);--button_accent_hover_color:var(--awb-color1);--button_border_hover_color:var(--awb-color1);--button_gradient_top_color:var(--awb-color4);--button_gradient_bottom_color:var(--awb-color4);--button_gradient_top_color_hover:hsla(var(--awb-color5-h),calc(var(--awb-color5-s) - 5%),calc(var(--awb-color5-l) - 10%),var(--awb-color5-a));--button_gradient_bottom_color_hover:hsla(var(--awb-color5-h),calc(var(--awb-color5-s) - 5%),calc(var(--awb-color5-l) - 10%),var(--awb-color5-a));--button_margin-right:20px;--button_margin-bottom:20px;--button_margin-left:20px;\" target=\"_self\" href=\"https:\/\/rollingunit.us\/es\/referencias\/camion-laboratorio-movil-usda-ee-uu\/\"><span class=\"fusion-button-text awb-button__text awb-button__text--default\">M\u00e1s informaci\u00f3n<\/span><\/a><\/div><\/div><\/li>\n<li class=\"fusion-layout-column fusion_builder_column fusion-builder-column-3 fusion-flex-column post-card fusion-grid-column fusion-post-cards-grid-column\" style=\"--awb-bg-blend:overlay;--awb-bg-size:cover;--awb-border-color:var(--awb-color3);--awb-border-top:1px;--awb-border-right:1px;--awb-border-bottom:1px;--awb-border-left:1px;--awb-border-style:solid;--awb-flex-grow:0;--awb-flex-shrink:0;--awb-flex-grow-medium:0;--awb-flex-shrink-medium:0;--awb-flex-grow-small:0;--awb-flex-shrink-small:0;\" data-scroll-devices=\"small-visibility,medium-visibility,large-visibility\"><div class=\"fusion-column-wrapper fusion-column-has-shadow fusion-flex-justify-content-flex-start fusion-content-layout-column\"><div class=\"fusion-classic-product-image-wrapper fusion-woo-product-image fusion-post-card-image fusion-post-card-image-1\" data-layout=\"static\"><div  class=\"fusion-image-wrapper\" aria-haspopup=\"true\">\n\t\t\t\t\t\t\t<a href=\"https:\/\/rollingunit.us\/es\/referencias\/aula-movil-para-el-distrito-escolar-de-los-angeles-lausd\/\" aria-label=\"Aula m\u00f3vil para el Distrito Escolar de Los \u00c1ngeles (LAUSD)\">\n\t\t\t\t\t\t\t<img decoding=\"async\" width=\"1500\" height=\"1000\" src=\"https:\/\/rollingunit.us\/wp-content\/uploads\/2025\/02\/LAUSD_cover.jpg\" class=\"attachment-full size-full wp-post-image\" alt=\"\" srcset=\"https:\/\/rollingunit.us\/wp-content\/uploads\/2025\/02\/LAUSD_cover-200x133.jpg 200w, https:\/\/rollingunit.us\/wp-content\/uploads\/2025\/02\/LAUSD_cover-400x267.jpg 400w, https:\/\/rollingunit.us\/wp-content\/uploads\/2025\/02\/LAUSD_cover-600x400.jpg 600w, https:\/\/rollingunit.us\/wp-content\/uploads\/2025\/02\/LAUSD_cover-800x533.jpg 800w, https:\/\/rollingunit.us\/wp-content\/uploads\/2025\/02\/LAUSD_cover-1200x800.jpg 1200w, https:\/\/rollingunit.us\/wp-content\/uploads\/2025\/02\/LAUSD_cover.jpg 1500w\" sizes=\"(min-width: 2200px) 100vw, (min-width: 784px) 373px, (min-width: 712px) 560px, (min-width: 640px) 712px, \" \/>\t\t\t<\/a>\n\t\t\t\t\t\t\t<\/div>\n<\/div><div class=\"fusion-title title fusion-title-3 fusion-sep-none fusion-title-text fusion-title-size-four\" style=\"--awb-margin-top:30px;--awb-margin-right:20px;--awb-margin-bottom:5px;--awb-margin-left:20px;--awb-margin-top-small:20px;--awb-margin-right-small:20px;--awb-margin-left-small:20px;\"><h4 class=\"fusion-title-heading title-heading-left fusion-responsive-typography-calculated\" style=\"margin:0;--fontSize:22;line-height:var(--awb-typography1-line-height);\">Aula m\u00f3vil para el Distrito Escolar de Los \u00c1ngeles (LAUSD)<\/h4><\/div><div class=\"fusion-content-tb fusion-content-tb-2\" style=\"--awb-text-color:var(--awb-color5);--awb-margin-bottom:20px;--awb-margin-left:20px;--awb-margin-right:20px;--awb-margin-top:20px;--awb-text-transform:none;\"><p>Rolling Unit INC entreg\u00f3 el remolque de aula m\u00f3vil que LAUSD utiliza hoy como entorno de aprendizaje \u201ciDREAM\u201d. Video: Remolque Rolling Unit para el proyecto IDREAM de LAUSD   [...]<\/p><\/div><div ><a class=\"fusion-button button-flat button-small button-custom fusion-button-default button-2 fusion-button-default-span fusion-button-default-type\" style=\"--button_accent_color:var(--awb-color1);--button_accent_hover_color:var(--awb-color1);--button_border_hover_color:var(--awb-color1);--button_gradient_top_color:var(--awb-color4);--button_gradient_bottom_color:var(--awb-color4);--button_gradient_top_color_hover:hsla(var(--awb-color5-h),calc(var(--awb-color5-s) - 5%),calc(var(--awb-color5-l) - 10%),var(--awb-color5-a));--button_gradient_bottom_color_hover:hsla(var(--awb-color5-h),calc(var(--awb-color5-s) - 5%),calc(var(--awb-color5-l) - 10%),var(--awb-color5-a));--button_margin-right:20px;--button_margin-bottom:20px;--button_margin-left:20px;\" target=\"_self\" href=\"https:\/\/rollingunit.us\/es\/referencias\/aula-movil-para-el-distrito-escolar-de-los-angeles-lausd\/\"><span class=\"fusion-button-text awb-button__text awb-button__text--default\">M\u00e1s informaci\u00f3n<\/span><\/a><\/div><\/div><\/li>\n<li class=\"fusion-layout-column fusion_builder_column fusion-builder-column-4 fusion-flex-column post-card fusion-grid-column fusion-post-cards-grid-column\" style=\"--awb-bg-blend:overlay;--awb-bg-size:cover;--awb-border-color:var(--awb-color3);--awb-border-top:1px;--awb-border-right:1px;--awb-border-bottom:1px;--awb-border-left:1px;--awb-border-style:solid;--awb-flex-grow:0;--awb-flex-shrink:0;--awb-flex-grow-medium:0;--awb-flex-shrink-medium:0;--awb-flex-grow-small:0;--awb-flex-shrink-small:0;\" data-scroll-devices=\"small-visibility,medium-visibility,large-visibility\"><div class=\"fusion-column-wrapper fusion-column-has-shadow fusion-flex-justify-content-flex-start fusion-content-layout-column\"><div class=\"fusion-classic-product-image-wrapper fusion-woo-product-image fusion-post-card-image fusion-post-card-image-1\" data-layout=\"static\"><div  class=\"fusion-image-wrapper\" aria-haspopup=\"true\">\n\t\t\t\t\t\t\t<a href=\"https:\/\/rollingunit.us\/es\/referencias\/camion-de-servicio-de-esqui-para-el-equipo-de-biatlon-de-ee-uu\/\" aria-label=\"Cami\u00f3n de servicio de esqu\u00ed para el equipo de biatl\u00f3n de EE. UU.\">\n\t\t\t\t\t\t\t<img decoding=\"async\" width=\"2052\" height=\"1368\" src=\"https:\/\/rollingunit.us\/wp-content\/uploads\/2025\/02\/USA-Biathlon_cover.jpg\" class=\"attachment-full size-full wp-post-image\" alt=\"\" srcset=\"https:\/\/rollingunit.us\/wp-content\/uploads\/2025\/02\/USA-Biathlon_cover-200x133.jpg 200w, https:\/\/rollingunit.us\/wp-content\/uploads\/2025\/02\/USA-Biathlon_cover-400x267.jpg 400w, https:\/\/rollingunit.us\/wp-content\/uploads\/2025\/02\/USA-Biathlon_cover-600x400.jpg 600w, https:\/\/rollingunit.us\/wp-content\/uploads\/2025\/02\/USA-Biathlon_cover-800x533.jpg 800w, https:\/\/rollingunit.us\/wp-content\/uploads\/2025\/02\/USA-Biathlon_cover-1200x800.jpg 1200w, https:\/\/rollingunit.us\/wp-content\/uploads\/2025\/02\/USA-Biathlon_cover.jpg 2052w\" sizes=\"(min-width: 2200px) 100vw, (min-width: 784px) 373px, (min-width: 712px) 560px, (min-width: 640px) 712px, \" \/>\t\t\t<\/a>\n\t\t\t\t\t\t\t<\/div>\n<\/div><div class=\"fusion-title title fusion-title-4 fusion-sep-none fusion-title-text fusion-title-size-four\" style=\"--awb-margin-top:30px;--awb-margin-right:20px;--awb-margin-bottom:5px;--awb-margin-left:20px;--awb-margin-top-small:20px;--awb-margin-right-small:20px;--awb-margin-left-small:20px;\"><h4 class=\"fusion-title-heading title-heading-left fusion-responsive-typography-calculated\" style=\"margin:0;--fontSize:22;line-height:var(--awb-typography1-line-height);\">Cami\u00f3n de servicio de esqu\u00ed para el equipo de biatl\u00f3n de EE. UU.<\/h4><\/div><div class=\"fusion-content-tb fusion-content-tb-3\" style=\"--awb-text-color:var(--awb-color5);--awb-margin-bottom:20px;--awb-margin-left:20px;--awb-margin-right:20px;--awb-margin-top:20px;--awb-text-transform:none;\"><p> Cami\u00f3n XL 3 en 1 montado sobre un chasis Iveco Daily para formar un veh\u00edculo de servicio de esqu\u00ed \u00fanico que rivaliza con las instalaciones utilizadas por los mejores [...]<\/p><\/div><div ><a class=\"fusion-button button-flat button-small button-custom fusion-button-default button-3 fusion-button-default-span fusion-button-default-type\" style=\"--button_accent_color:var(--awb-color1);--button_accent_hover_color:var(--awb-color1);--button_border_hover_color:var(--awb-color1);--button_gradient_top_color:var(--awb-color4);--button_gradient_bottom_color:var(--awb-color4);--button_gradient_top_color_hover:hsla(var(--awb-color5-h),calc(var(--awb-color5-s) - 5%),calc(var(--awb-color5-l) - 10%),var(--awb-color5-a));--button_gradient_bottom_color_hover:hsla(var(--awb-color5-h),calc(var(--awb-color5-s) - 5%),calc(var(--awb-color5-l) - 10%),var(--awb-color5-a));--button_margin-right:20px;--button_margin-bottom:20px;--button_margin-left:20px;\" target=\"_self\" href=\"https:\/\/rollingunit.us\/es\/referencias\/camion-de-servicio-de-esqui-para-el-equipo-de-biatlon-de-ee-uu\/\"><span class=\"fusion-button-text awb-button__text awb-button__text--default\">M\u00e1s informaci\u00f3n<\/span><\/a><\/div><\/div><\/li>\n<li class=\"fusion-layout-column fusion_builder_column fusion-builder-column-5 fusion-flex-column post-card fusion-grid-column fusion-post-cards-grid-column\" style=\"--awb-bg-blend:overlay;--awb-bg-size:cover;--awb-border-color:var(--awb-color3);--awb-border-top:1px;--awb-border-right:1px;--awb-border-bottom:1px;--awb-border-left:1px;--awb-border-style:solid;--awb-flex-grow:0;--awb-flex-shrink:0;--awb-flex-grow-medium:0;--awb-flex-shrink-medium:0;--awb-flex-grow-small:0;--awb-flex-shrink-small:0;\" data-scroll-devices=\"small-visibility,medium-visibility,large-visibility\"><div class=\"fusion-column-wrapper fusion-column-has-shadow fusion-flex-justify-content-flex-start fusion-content-layout-column\"><div class=\"fusion-classic-product-image-wrapper fusion-woo-product-image fusion-post-card-image fusion-post-card-image-1\" data-layout=\"static\"><div  class=\"fusion-image-wrapper\" aria-haspopup=\"true\">\n\t\t\t\t\t\t\t<a href=\"https:\/\/rollingunit.us\/es\/referencias\/remolque-de-promocion-rolling-unit-entregado-a-lime-media-group\/\" aria-label=\"Remolque de promoci\u00f3n Rolling Unit entregado a Lime Media Group\">\n\t\t\t\t\t\t\t<img decoding=\"async\" width=\"1500\" height=\"1000\" src=\"https:\/\/rollingunit.us\/wp-content\/uploads\/2025\/02\/LimeMedia_cover.jpg\" class=\"attachment-full size-full wp-post-image\" alt=\"\" srcset=\"https:\/\/rollingunit.us\/wp-content\/uploads\/2025\/02\/LimeMedia_cover-200x133.jpg 200w, https:\/\/rollingunit.us\/wp-content\/uploads\/2025\/02\/LimeMedia_cover-400x267.jpg 400w, https:\/\/rollingunit.us\/wp-content\/uploads\/2025\/02\/LimeMedia_cover-600x400.jpg 600w, https:\/\/rollingunit.us\/wp-content\/uploads\/2025\/02\/LimeMedia_cover-800x533.jpg 800w, https:\/\/rollingunit.us\/wp-content\/uploads\/2025\/02\/LimeMedia_cover-1200x800.jpg 1200w, https:\/\/rollingunit.us\/wp-content\/uploads\/2025\/02\/LimeMedia_cover.jpg 1500w\" sizes=\"(min-width: 2200px) 100vw, (min-width: 784px) 373px, (min-width: 712px) 560px, (min-width: 640px) 712px, \" \/>\t\t\t<\/a>\n\t\t\t\t\t\t\t<\/div>\n<\/div><div class=\"fusion-title title fusion-title-5 fusion-sep-none fusion-title-text fusion-title-size-four\" style=\"--awb-margin-top:30px;--awb-margin-right:20px;--awb-margin-bottom:5px;--awb-margin-left:20px;--awb-margin-top-small:20px;--awb-margin-right-small:20px;--awb-margin-left-small:20px;\"><h4 class=\"fusion-title-heading title-heading-left fusion-responsive-typography-calculated\" style=\"margin:0;--fontSize:22;line-height:var(--awb-typography1-line-height);\">Remolque de promoci\u00f3n Rolling Unit entregado a Lime Media Group<\/h4><\/div><div class=\"fusion-content-tb fusion-content-tb-4\" style=\"--awb-text-color:var(--awb-color5);--awb-margin-bottom:20px;--awb-margin-left:20px;--awb-margin-right:20px;--awb-margin-top:20px;--awb-text-transform:none;\"><p> Nos complace anunciar la entrega exitosa de nuestro \u00faltimo remolque de promoci\u00f3n Rolling Unit a un cliente satisfecho en el hermoso estado de Texas. \u00a1Este remolque de \u00faltima generaci\u00f3n [...]<\/p><\/div><div ><a class=\"fusion-button button-flat button-small button-custom fusion-button-default button-4 fusion-button-default-span fusion-button-default-type\" style=\"--button_accent_color:var(--awb-color1);--button_accent_hover_color:var(--awb-color1);--button_border_hover_color:var(--awb-color1);--button_gradient_top_color:var(--awb-color4);--button_gradient_bottom_color:var(--awb-color4);--button_gradient_top_color_hover:hsla(var(--awb-color5-h),calc(var(--awb-color5-s) - 5%),calc(var(--awb-color5-l) - 10%),var(--awb-color5-a));--button_gradient_bottom_color_hover:hsla(var(--awb-color5-h),calc(var(--awb-color5-s) - 5%),calc(var(--awb-color5-l) - 10%),var(--awb-color5-a));--button_margin-right:20px;--button_margin-bottom:20px;--button_margin-left:20px;\" target=\"_self\" href=\"https:\/\/rollingunit.us\/es\/referencias\/remolque-de-promocion-rolling-unit-entregado-a-lime-media-group\/\"><span class=\"fusion-button-text awb-button__text awb-button__text--default\">M\u00e1s informaci\u00f3n<\/span><\/a><\/div><\/div><\/li>\n<\/ul><\/div><\/div><\/div><\/div><\/div>\n","protected":false},"excerpt":{"rendered":"","protected":false},"author":2,"featured_media":0,"parent":0,"menu_order":0,"comment_status":"closed","ping_status":"closed","template":"100-width.php","meta":{"footnotes":""},"class_list":["post-2688","page","type-page","status-publish","hentry"],"_links":{"self":[{"href":"https:\/\/rollingunit.us\/es\/wp-json\/wp\/v2\/pages\/2688","targetHints":{"allow":["GET"]}}],"collection":[{"href":"https:\/\/rollingunit.us\/es\/wp-json\/wp\/v2\/pages"}],"about":[{"href":"https:\/\/rollingunit.us\/es\/wp-json\/wp\/v2\/types\/page"}],"author":[{"embeddable":true,"href":"https:\/\/rollingunit.us\/es\/wp-json\/wp\/v2\/users\/2"}],"replies":[{"embeddable":true,"href":"https:\/\/rollingunit.us\/es\/wp-json\/wp\/v2\/comments?post=2688"}],"version-history":[{"count":2,"href":"https:\/\/rollingunit.us\/es\/wp-json\/wp\/v2\/pages\/2688\/revisions"}],"predecessor-version":[{"id":2690,"href":"https:\/\/rollingunit.us\/es\/wp-json\/wp\/v2\/pages\/2688\/revisions\/2690"}],"wp:attachment":[{"href":"https:\/\/rollingunit.us\/es\/wp-json\/wp\/v2\/media?parent=2688"}],"curies":[{"name":"wp","href":"https:\/\/api.w.org\/{rel}","templated":true}]}}